{"id":2558,"date":"2022-12-23T00:18:27","date_gmt":"2022-12-23T00:18:27","guid":{"rendered":"https:\/\/enforce-project.eu\/el-proyecto"},"modified":"2023-12-04T12:14:19","modified_gmt":"2023-12-04T12:14:19","slug":"el-proyecto","status":"publish","type":"page","link":"https:\/\/enforce-project.eu\/es\/el-proyecto","title":{"rendered":"El proyecto"},"content":{"rendered":"\t\t<div data-elementor-type=\"wp-page\" data-elementor-id=\"2558\" class=\"elementor elementor-2558 elementor-13\" data-elementor-post-type=\"page\">\n\t\t\t\t\t\t<section class=\"elementor-section elementor-top-section elementor-element elementor-element-93c5ebb elementor-section-full_width elementor-section-height-min-height elementor-section-items-stretch elementor-section-height-default\" data-id=\"93c5ebb\" data-element_type=\"section\" data-e-type=\"section\" data-settings=\"{&quot;jet_parallax_layout_list&quot;:[],&quot;background_background&quot;:&quot;classic&quot;}\">\n\t\t\t\t\t\t<div class=\"elementor-container elementor-column-gap-default\">\n\t\t\t\t\t<div class=\"elementor-column elementor-col-33 elementor-top-column elementor-element elementor-element-78f58a6\" data-id=\"78f58a6\" data-element_type=\"column\" data-e-type=\"column\" data-settings=\"{&quot;background_background&quot;:&quot;classic&quot;}\">\n\t\t\t<div class=\"elementor-widget-wrap elementor-element-populated\">\n\t\t\t\t\t\t<div class=\"elementor-element elementor-element-ee64af1 elementor-hidden-desktop elementor-hidden-laptop elementor-widget elementor-widget-image\" data-id=\"ee64af1\" data-element_type=\"widget\" data-e-type=\"widget\" data-widget_type=\"image.default\">\n\t\t\t\t<div class=\"elementor-widget-container\">\n\t\t\t\t\t\t\t\t\t\t\t\t<figure class=\"wp-caption\">\n\t\t\t\t\t\t\t\t\t\t<img fetchpriority=\"high\" decoding=\"async\" width=\"800\" height=\"450\" src=\"https:\/\/enforce-project.eu\/wp-content\/uploads\/Bulgaria_1920x1080-1024x576.jpg\" class=\"attachment-large size-large wp-image-1284\" alt=\"\" srcset=\"https:\/\/enforce-project.eu\/wp-content\/uploads\/Bulgaria_1920x1080-1024x576.jpg 1024w, https:\/\/enforce-project.eu\/wp-content\/uploads\/Bulgaria_1920x1080-300x169.jpg 300w, https:\/\/enforce-project.eu\/wp-content\/uploads\/Bulgaria_1920x1080-768x432.jpg 768w, https:\/\/enforce-project.eu\/wp-content\/uploads\/Bulgaria_1920x1080-1536x864.jpg 1536w, https:\/\/enforce-project.eu\/wp-content\/uploads\/Bulgaria_1920x1080.jpg 1920w\" sizes=\"(max-width: 800px) 100vw, 800px\" \/>\t\t\t\t\t\t\t\t\t\t\t<figcaption class=\"widget-image-caption wp-caption-text\"><\/figcaption>\n\t\t\t\t\t\t\t\t\t\t<\/figure>\n\t\t\t\t\t\t\t\t\t<\/div>\n\t\t\t\t<\/div>\n\t\t\t\t\t<\/div>\n\t\t<\/div>\n\t\t\t\t<div class=\"elementor-column elementor-col-33 elementor-top-column elementor-element elementor-element-9f9e24e\" data-id=\"9f9e24e\" data-element_type=\"column\" data-e-type=\"column\">\n\t\t\t<div class=\"elementor-widget-wrap elementor-element-populated\">\n\t\t\t\t\t\t<div class=\"elementor-element elementor-element-1aed25f elementor-widget elementor-widget-text-editor\" data-id=\"1aed25f\" data-element_type=\"widget\" data-e-type=\"widget\" data-widget_type=\"text-editor.default\">\n\t\t\t\t<div class=\"elementor-widget-container\">\n\t\t\t\t\t\t\t\t\t<p><span data-sheets-value=\"{&quot;1&quot;:2,&quot;2&quot;:&quot;ENFORCE entiende que el turismo debe ser aut\u00e9ntico, inmersivo y significativo tanto para los turistas como para los profesionales. Para reforzar un sistema regenerativo, exploraremos estrategias de narraci\u00f3n de historias que ayuden a los proveedores tur\u00edsticos a promocionar su oferta; impulsando los viajes respetuosos con el medio ambiente y preservando el patrimonio cultural y las tradiciones locales.\\n                                                                                                     \\nEl turismo sostenible empieza por nosotros: visitar menos destinos de tendencia, participar en experiencias locales aut\u00e9nticas, consumir alimentos locales y viajar fuera de temporada para que haya menos consumo masivo y menos presi\u00f3n sobre el medio ambiente. Juntos podemos convertir esas zonas menos promocionadas en destinos tur\u00edsticos fuertes, todo ello atrayendo a clientes conscientes de la sostenibilidad. De este modo, podemos abrir oportunidades para que las microempresas y las empresas de nueva creaci\u00f3n entren en el sector tur\u00edstico, al tiempo que actualizamos las ofertas para satisfacer las nuevas demandas de los profesionales del turismo ya existentes. \\n\\n\u00bfEres un profesional del sector tur\u00edstico? \u00bfUn centro educativo? \u00bfUna organizaci\u00f3n? \u00bfONG? \u00bfUna formaci\u00f3n profesional implicada en el turismo? Creemos que la educaci\u00f3n desempe\u00f1a un papel clave en todos los sectores profesionales, incluido el turismo. \\n\\nAprende nuevas habilidades mientras entrelazas la narraci\u00f3n de historias y el marketing tur\u00edstico. Nuestros objetivos son promover experiencias de turismo cultural regenerativo a trav\u00e9s de la narraci\u00f3n de historias, proporcionando al mismo tiempo oportunidades de aprendizaje de alta calidad para estudiantes y profesionales de FP adaptadas a las necesidades reales del mercado.&quot;}\" data-sheets-userformat=\"{&quot;2&quot;:14845,&quot;3&quot;:{&quot;1&quot;:0,&quot;3&quot;:1},&quot;5&quot;:{&quot;1&quot;:[{&quot;1&quot;:2,&quot;2&quot;:0,&quot;5&quot;:{&quot;1&quot;:2,&quot;2&quot;:0}},{&quot;1&quot;:0,&quot;2&quot;:0,&quot;3&quot;:3},{&quot;1&quot;:1,&quot;2&quot;:0,&quot;4&quot;:1}]},&quot;6&quot;:{&quot;1&quot;:[{&quot;1&quot;:2,&quot;2&quot;:0,&quot;5&quot;:{&quot;1&quot;:2,&quot;2&quot;:0}},{&quot;1&quot;:0,&quot;2&quot;:0,&quot;3&quot;:3},{&quot;1&quot;:1,&quot;2&quot;:0,&quot;4&quot;:1}]},&quot;7&quot;:{&quot;1&quot;:[{&quot;1&quot;:2,&quot;2&quot;:0,&quot;5&quot;:{&quot;1&quot;:2,&quot;2&quot;:0}},{&quot;1&quot;:0,&quot;2&quot;:0,&quot;3&quot;:3},{&quot;1&quot;:1,&quot;2&quot;:0,&quot;4&quot;:1}]},&quot;8&quot;:{&quot;1&quot;:[{&quot;1&quot;:2,&quot;2&quot;:0,&quot;5&quot;:{&quot;1&quot;:2,&quot;2&quot;:0}},{&quot;1&quot;:0,&quot;2&quot;:0,&quot;3&quot;:3},{&quot;1&quot;:1,&quot;2&quot;:0,&quot;4&quot;:1}]},&quot;9&quot;:0,&quot;10&quot;:1,&quot;11&quot;:3,&quot;14&quot;:{&quot;1&quot;:3,&quot;3&quot;:1},&quot;15&quot;:&quot;Calibri&quot;,&quot;16&quot;:10}\">ENFORCE entiende que el turismo debe ser aut\u00e9ntico, inmersivo y significativo tanto para los turistas como para los profesionales. Para reforzar un sistema regenerativo, exploraremos estrategias de narraci\u00f3n de historias que ayuden a los proveedores tur\u00edsticos a promocionar su oferta; impulsando los viajes respetuosos con el medio ambiente y preservando el patrimonio cultural y las tradiciones locales.<\/span><\/p><p><span data-sheets-value=\"{&quot;1&quot;:2,&quot;2&quot;:&quot;ENFORCE entiende que el turismo debe ser aut\u00e9ntico, inmersivo y significativo tanto para los turistas como para los profesionales. Para reforzar un sistema regenerativo, exploraremos estrategias de narraci\u00f3n de historias que ayuden a los proveedores tur\u00edsticos a promocionar su oferta; impulsando los viajes respetuosos con el medio ambiente y preservando el patrimonio cultural y las tradiciones locales.\\n                                                                                                     \\nEl turismo sostenible empieza por nosotros: visitar menos destinos de tendencia, participar en experiencias locales aut\u00e9nticas, consumir alimentos locales y viajar fuera de temporada para que haya menos consumo masivo y menos presi\u00f3n sobre el medio ambiente. Juntos podemos convertir esas zonas menos promocionadas en destinos tur\u00edsticos fuertes, todo ello atrayendo a clientes conscientes de la sostenibilidad. De este modo, podemos abrir oportunidades para que las microempresas y las empresas de nueva creaci\u00f3n entren en el sector tur\u00edstico, al tiempo que actualizamos las ofertas para satisfacer las nuevas demandas de los profesionales del turismo ya existentes. \\n\\n\u00bfEres un profesional del sector tur\u00edstico? \u00bfUn centro educativo? \u00bfUna organizaci\u00f3n? \u00bfONG? \u00bfUna formaci\u00f3n profesional implicada en el turismo? Creemos que la educaci\u00f3n desempe\u00f1a un papel clave en todos los sectores profesionales, incluido el turismo. \\n\\nAprende nuevas habilidades mientras entrelazas la narraci\u00f3n de historias y el marketing tur\u00edstico. Nuestros objetivos son promover experiencias de turismo cultural regenerativo a trav\u00e9s de la narraci\u00f3n de historias, proporcionando al mismo tiempo oportunidades de aprendizaje de alta calidad para estudiantes y profesionales de FP adaptadas a las necesidades reales del mercado.&quot;}\" data-sheets-userformat=\"{&quot;2&quot;:14845,&quot;3&quot;:{&quot;1&quot;:0,&quot;3&quot;:1},&quot;5&quot;:{&quot;1&quot;:[{&quot;1&quot;:2,&quot;2&quot;:0,&quot;5&quot;:{&quot;1&quot;:2,&quot;2&quot;:0}},{&quot;1&quot;:0,&quot;2&quot;:0,&quot;3&quot;:3},{&quot;1&quot;:1,&quot;2&quot;:0,&quot;4&quot;:1}]},&quot;6&quot;:{&quot;1&quot;:[{&quot;1&quot;:2,&quot;2&quot;:0,&quot;5&quot;:{&quot;1&quot;:2,&quot;2&quot;:0}},{&quot;1&quot;:0,&quot;2&quot;:0,&quot;3&quot;:3},{&quot;1&quot;:1,&quot;2&quot;:0,&quot;4&quot;:1}]},&quot;7&quot;:{&quot;1&quot;:[{&quot;1&quot;:2,&quot;2&quot;:0,&quot;5&quot;:{&quot;1&quot;:2,&quot;2&quot;:0}},{&quot;1&quot;:0,&quot;2&quot;:0,&quot;3&quot;:3},{&quot;1&quot;:1,&quot;2&quot;:0,&quot;4&quot;:1}]},&quot;8&quot;:{&quot;1&quot;:[{&quot;1&quot;:2,&quot;2&quot;:0,&quot;5&quot;:{&quot;1&quot;:2,&quot;2&quot;:0}},{&quot;1&quot;:0,&quot;2&quot;:0,&quot;3&quot;:3},{&quot;1&quot;:1,&quot;2&quot;:0,&quot;4&quot;:1}]},&quot;9&quot;:0,&quot;10&quot;:1,&quot;11&quot;:3,&quot;14&quot;:{&quot;1&quot;:3,&quot;3&quot;:1},&quot;15&quot;:&quot;Calibri&quot;,&quot;16&quot;:10}\">El turismo sostenible empieza por nosotros: visitar menos destinos de tendencia, participar en experiencias locales aut\u00e9nticas, consumir alimentos locales y viajar fuera de temporada para que haya menos consumo masivo y menos presi\u00f3n sobre el medio ambiente. Juntos podemos convertir esas zonas menos promocionadas en destinos tur\u00edsticos fuertes, todo ello atrayendo a clientes conscientes de la sostenibilidad. De este modo, podemos abrir oportunidades para que las microempresas y las empresas de nueva creaci\u00f3n entren en el sector tur\u00edstico, al tiempo que actualizamos las ofertas para satisfacer las nuevas demandas de los profesionales del turismo ya existentes. <br \/><\/span><\/p><p><span data-sheets-value=\"{&quot;1&quot;:2,&quot;2&quot;:&quot;ENFORCE entiende que el turismo debe ser aut\u00e9ntico, inmersivo y significativo tanto para los turistas como para los profesionales. Para reforzar un sistema regenerativo, exploraremos estrategias de narraci\u00f3n de historias que ayuden a los proveedores tur\u00edsticos a promocionar su oferta; impulsando los viajes respetuosos con el medio ambiente y preservando el patrimonio cultural y las tradiciones locales.\\n                                                                                                     \\nEl turismo sostenible empieza por nosotros: visitar menos destinos de tendencia, participar en experiencias locales aut\u00e9nticas, consumir alimentos locales y viajar fuera de temporada para que haya menos consumo masivo y menos presi\u00f3n sobre el medio ambiente. Juntos podemos convertir esas zonas menos promocionadas en destinos tur\u00edsticos fuertes, todo ello atrayendo a clientes conscientes de la sostenibilidad. De este modo, podemos abrir oportunidades para que las microempresas y las empresas de nueva creaci\u00f3n entren en el sector tur\u00edstico, al tiempo que actualizamos las ofertas para satisfacer las nuevas demandas de los profesionales del turismo ya existentes. \\n\\n\u00bfEres un profesional del sector tur\u00edstico? \u00bfUn centro educativo? \u00bfUna organizaci\u00f3n? \u00bfONG? \u00bfUna formaci\u00f3n profesional implicada en el turismo? Creemos que la educaci\u00f3n desempe\u00f1a un papel clave en todos los sectores profesionales, incluido el turismo. \\n\\nAprende nuevas habilidades mientras entrelazas la narraci\u00f3n de historias y el marketing tur\u00edstico. Nuestros objetivos son promover experiencias de turismo cultural regenerativo a trav\u00e9s de la narraci\u00f3n de historias, proporcionando al mismo tiempo oportunidades de aprendizaje de alta calidad para estudiantes y profesionales de FP adaptadas a las necesidades reales del mercado.&quot;}\" data-sheets-userformat=\"{&quot;2&quot;:14845,&quot;3&quot;:{&quot;1&quot;:0,&quot;3&quot;:1},&quot;5&quot;:{&quot;1&quot;:[{&quot;1&quot;:2,&quot;2&quot;:0,&quot;5&quot;:{&quot;1&quot;:2,&quot;2&quot;:0}},{&quot;1&quot;:0,&quot;2&quot;:0,&quot;3&quot;:3},{&quot;1&quot;:1,&quot;2&quot;:0,&quot;4&quot;:1}]},&quot;6&quot;:{&quot;1&quot;:[{&quot;1&quot;:2,&quot;2&quot;:0,&quot;5&quot;:{&quot;1&quot;:2,&quot;2&quot;:0}},{&quot;1&quot;:0,&quot;2&quot;:0,&quot;3&quot;:3},{&quot;1&quot;:1,&quot;2&quot;:0,&quot;4&quot;:1}]},&quot;7&quot;:{&quot;1&quot;:[{&quot;1&quot;:2,&quot;2&quot;:0,&quot;5&quot;:{&quot;1&quot;:2,&quot;2&quot;:0}},{&quot;1&quot;:0,&quot;2&quot;:0,&quot;3&quot;:3},{&quot;1&quot;:1,&quot;2&quot;:0,&quot;4&quot;:1}]},&quot;8&quot;:{&quot;1&quot;:[{&quot;1&quot;:2,&quot;2&quot;:0,&quot;5&quot;:{&quot;1&quot;:2,&quot;2&quot;:0}},{&quot;1&quot;:0,&quot;2&quot;:0,&quot;3&quot;:3},{&quot;1&quot;:1,&quot;2&quot;:0,&quot;4&quot;:1}]},&quot;9&quot;:0,&quot;10&quot;:1,&quot;11&quot;:3,&quot;14&quot;:{&quot;1&quot;:3,&quot;3&quot;:1},&quot;15&quot;:&quot;Calibri&quot;,&quot;16&quot;:10}\">\u00bfEres un profesional del sector tur\u00edstico? \u00bfUn centro educativo? \u00bfUna organizaci\u00f3n? \u00bfONG? \u00bfUna formaci\u00f3n profesional implicada en el turismo? Creemos que la educaci\u00f3n desempe\u00f1a un papel clave en todos los sectores profesionales, incluido el turismo. <br \/><\/span><\/p><p><span data-sheets-value=\"{&quot;1&quot;:2,&quot;2&quot;:&quot;ENFORCE entiende que el turismo debe ser aut\u00e9ntico, inmersivo y significativo tanto para los turistas como para los profesionales. Para reforzar un sistema regenerativo, exploraremos estrategias de narraci\u00f3n de historias que ayuden a los proveedores tur\u00edsticos a promocionar su oferta; impulsando los viajes respetuosos con el medio ambiente y preservando el patrimonio cultural y las tradiciones locales.\\n                                                                                                     \\nEl turismo sostenible empieza por nosotros: visitar menos destinos de tendencia, participar en experiencias locales aut\u00e9nticas, consumir alimentos locales y viajar fuera de temporada para que haya menos consumo masivo y menos presi\u00f3n sobre el medio ambiente. Juntos podemos convertir esas zonas menos promocionadas en destinos tur\u00edsticos fuertes, todo ello atrayendo a clientes conscientes de la sostenibilidad. De este modo, podemos abrir oportunidades para que las microempresas y las empresas de nueva creaci\u00f3n entren en el sector tur\u00edstico, al tiempo que actualizamos las ofertas para satisfacer las nuevas demandas de los profesionales del turismo ya existentes. \\n\\n\u00bfEres un profesional del sector tur\u00edstico? \u00bfUn centro educativo? \u00bfUna organizaci\u00f3n? \u00bfONG? \u00bfUna formaci\u00f3n profesional implicada en el turismo? Creemos que la educaci\u00f3n desempe\u00f1a un papel clave en todos los sectores profesionales, incluido el turismo. \\n\\nAprende nuevas habilidades mientras entrelazas la narraci\u00f3n de historias y el marketing tur\u00edstico. Nuestros objetivos son promover experiencias de turismo cultural regenerativo a trav\u00e9s de la narraci\u00f3n de historias, proporcionando al mismo tiempo oportunidades de aprendizaje de alta calidad para estudiantes y profesionales de FP adaptadas a las necesidades reales del mercado.&quot;}\" data-sheets-userformat=\"{&quot;2&quot;:14845,&quot;3&quot;:{&quot;1&quot;:0,&quot;3&quot;:1},&quot;5&quot;:{&quot;1&quot;:[{&quot;1&quot;:2,&quot;2&quot;:0,&quot;5&quot;:{&quot;1&quot;:2,&quot;2&quot;:0}},{&quot;1&quot;:0,&quot;2&quot;:0,&quot;3&quot;:3},{&quot;1&quot;:1,&quot;2&quot;:0,&quot;4&quot;:1}]},&quot;6&quot;:{&quot;1&quot;:[{&quot;1&quot;:2,&quot;2&quot;:0,&quot;5&quot;:{&quot;1&quot;:2,&quot;2&quot;:0}},{&quot;1&quot;:0,&quot;2&quot;:0,&quot;3&quot;:3},{&quot;1&quot;:1,&quot;2&quot;:0,&quot;4&quot;:1}]},&quot;7&quot;:{&quot;1&quot;:[{&quot;1&quot;:2,&quot;2&quot;:0,&quot;5&quot;:{&quot;1&quot;:2,&quot;2&quot;:0}},{&quot;1&quot;:0,&quot;2&quot;:0,&quot;3&quot;:3},{&quot;1&quot;:1,&quot;2&quot;:0,&quot;4&quot;:1}]},&quot;8&quot;:{&quot;1&quot;:[{&quot;1&quot;:2,&quot;2&quot;:0,&quot;5&quot;:{&quot;1&quot;:2,&quot;2&quot;:0}},{&quot;1&quot;:0,&quot;2&quot;:0,&quot;3&quot;:3},{&quot;1&quot;:1,&quot;2&quot;:0,&quot;4&quot;:1}]},&quot;9&quot;:0,&quot;10&quot;:1,&quot;11&quot;:3,&quot;14&quot;:{&quot;1&quot;:3,&quot;3&quot;:1},&quot;15&quot;:&quot;Calibri&quot;,&quot;16&quot;:10}\">Aprende nuevas habilidades mientras entrelazas la narraci\u00f3n de historias y el marketing tur\u00edstico. Nuestros objetivos son promover experiencias de turismo cultural regenerativo a trav\u00e9s de la narraci\u00f3n de historias, proporcionando al mismo tiempo oportunidades de aprendizaje de alta calidad para estudiantes y profesionales de FP adaptadas a las necesidades reales del mercado.<\/span><\/p>\t\t\t\t\t\t\t\t<\/div>\n\t\t\t\t<\/div>\n\t\t\t\t\t<\/div>\n\t\t<\/div>\n\t\t\t\t<div class=\"elementor-column elementor-col-33 elementor-top-column elementor-element elementor-element-28a3f26\" data-id=\"28a3f26\" data-element_type=\"column\" data-e-type=\"column\">\n\t\t\t<div class=\"elementor-widget-wrap elementor-element-populated\">\n\t\t\t\t\t\t<div class=\"elementor-element elementor-element-0e4398a elementor-hidden-mobile elementor-widget elementor-widget-image\" data-id=\"0e4398a\" data-element_type=\"widget\" data-e-type=\"widget\" data-widget_type=\"image.default\">\n\t\t\t\t<div class=\"elementor-widget-container\">\n\t\t\t\t\t\t\t\t\t\t\t\t\t\t\t<img decoding=\"async\" width=\"232\" height=\"580\" src=\"https:\/\/enforce-project.eu\/wp-content\/uploads\/enforce-letters-1.png\" class=\"attachment-large size-large wp-image-1530\" alt=\"\" srcset=\"https:\/\/enforce-project.eu\/wp-content\/uploads\/enforce-letters-1.png 232w, https:\/\/enforce-project.eu\/wp-content\/uploads\/enforce-letters-1-120x300.png 120w\" sizes=\"(max-width: 232px) 100vw, 232px\" \/>\t\t\t\t\t\t\t\t\t\t\t\t\t\t\t<\/div>\n\t\t\t\t<\/div>\n\t\t\t\t\t<\/div>\n\t\t<\/div>\n\t\t\t\t\t<\/div>\n\t\t<\/section>\n\t\t\t\t<\/div>\n\t\t","protected":false},"excerpt":{"rendered":"<p>ENFORCE entiende que el turismo debe ser aut\u00e9ntico, inmersivo y significativo tanto para los turistas como para los profesionales. Para reforzar un sistema regenerativo, exploraremos estrategias de narraci\u00f3n de historias que ayuden a los proveedores tur\u00edsticos a promocionar su oferta; impulsando los viajes respetuosos con el medio ambiente y preservando el patrimonio cultural y las [&hellip;]<\/p>\n","protected":false},"author":5,"featured_media":0,"parent":0,"menu_order":0,"comment_status":"closed","ping_status":"closed","template":"elementor_header_footer","meta":{"footnotes":""},"class_list":["post-2558","page","type-page","status-publish","hentry"],"_links":{"self":[{"href":"https:\/\/enforce-project.eu\/es\/wp-json\/wp\/v2\/pages\/2558","targetHints":{"allow":["GET"]}}],"collection":[{"href":"https:\/\/enforce-project.eu\/es\/wp-json\/wp\/v2\/pages"}],"about":[{"href":"https:\/\/enforce-project.eu\/es\/wp-json\/wp\/v2\/types\/page"}],"author":[{"embeddable":true,"href":"https:\/\/enforce-project.eu\/es\/wp-json\/wp\/v2\/users\/5"}],"replies":[{"embeddable":true,"href":"https:\/\/enforce-project.eu\/es\/wp-json\/wp\/v2\/comments?post=2558"}],"version-history":[{"count":7,"href":"https:\/\/enforce-project.eu\/es\/wp-json\/wp\/v2\/pages\/2558\/revisions"}],"predecessor-version":[{"id":5333,"href":"https:\/\/enforce-project.eu\/es\/wp-json\/wp\/v2\/pages\/2558\/revisions\/5333"}],"wp:attachment":[{"href":"https:\/\/enforce-project.eu\/es\/wp-json\/wp\/v2\/media?parent=2558"}],"curies":[{"name":"wp","href":"https:\/\/api.w.org\/{rel}","templated":true}]}}