{"id":4484,"date":"2023-04-18T07:41:11","date_gmt":"2023-04-18T07:41:11","guid":{"rendered":"https:\/\/enforce-project.eu\/?page_id=4484"},"modified":"2023-10-30T09:29:43","modified_gmt":"2023-10-30T09:29:43","slug":"historias-del-destino","status":"publish","type":"page","link":"https:\/\/enforce-project.eu\/es\/historias-del-destino","title":{"rendered":"Historias del destino"},"content":{"rendered":"\t\t<div data-elementor-type=\"wp-page\" data-elementor-id=\"4484\" class=\"elementor elementor-4484 elementor-1198\" data-elementor-post-type=\"page\">\n\t\t\t\t\t\t<section class=\"elementor-section elementor-top-section elementor-element elementor-element-d541abe elementor-section-full_width elementor-section-stretched elementor-section-height-default elementor-section-height-default\" data-id=\"d541abe\" data-element_type=\"section\" data-e-type=\"section\" data-settings=\"{&quot;jet_parallax_layout_list&quot;:[],&quot;background_background&quot;:&quot;classic&quot;,&quot;stretch_section&quot;:&quot;section-stretched&quot;}\">\n\t\t\t\t\t\t<div class=\"elementor-container elementor-column-gap-default\">\n\t\t\t\t\t<div class=\"elementor-column elementor-col-100 elementor-top-column elementor-element elementor-element-7729829\" data-id=\"7729829\" data-element_type=\"column\" data-e-type=\"column\">\n\t\t\t<div class=\"elementor-widget-wrap elementor-element-populated\">\n\t\t\t\t\t\t<section class=\"elementor-section elementor-inner-section elementor-element elementor-element-1e99277 elementor-section-full_width elementor-section-height-default elementor-section-height-default\" data-id=\"1e99277\" data-element_type=\"section\" data-e-type=\"section\" data-settings=\"{&quot;jet_parallax_layout_list&quot;:[]}\">\n\t\t\t\t\t\t<div class=\"elementor-container elementor-column-gap-default\">\n\t\t\t\t\t<div class=\"elementor-column elementor-col-50 elementor-inner-column elementor-element elementor-element-3922cea\" data-id=\"3922cea\" data-element_type=\"column\" data-e-type=\"column\">\n\t\t\t<div class=\"elementor-widget-wrap elementor-element-populated\">\n\t\t\t\t\t\t<div class=\"elementor-element elementor-element-e8c7ce5 elementor-widget elementor-widget-text-editor\" data-id=\"e8c7ce5\" data-element_type=\"widget\" data-e-type=\"widget\" data-widget_type=\"text-editor.default\">\n\t\t\t\t<div class=\"elementor-widget-container\">\n\t\t\t\t\t\t\t\t\t<p>No es dif\u00edcil imaginar el impacto positivo de una narraci\u00f3n eficaz en el contexto de los viajes y el turismo: Al fin y al cabo, las experiencias de viaje memorables tienen que ver con historias, incluidas las historias sobre la poblaci\u00f3n local y sus tradiciones culturales, las narraciones realizadas por gu\u00edas locales formados y las historias sobre los propios viajeros que se convierten en parte de la experiencia de viaje.<\/p><p>El turismo cambia cada d\u00eda. A la hora de buscar la forma adecuada de promocionar un destino, debemos tener presente esta informaci\u00f3n. El turismo regenerativo es el futuro, y si queremos promocionar nuestra regi\u00f3n, por ejemplo, consideraremos la narraci\u00f3n de historias como una herramienta perfecta.<\/p><p>Tenemos que entender las necesidades y deseos de los visitantes para poder ofrecerles una experiencia adecuada sin perder de vista la protecci\u00f3n del lugar que promocionamos. Si tomamos las decisiones adecuadas para los turistas, pero tambi\u00e9n para los locales, la experiencia global ser\u00e1 mejor para todos, ya que seguir\u00e1n motivados para aprender nuevas formas.<\/p>\t\t\t\t\t\t\t\t<\/div>\n\t\t\t\t<\/div>\n\t\t\t\t<div class=\"elementor-element elementor-element-f97f7e4 elementor-widget elementor-widget-shortcode\" data-id=\"f97f7e4\" data-element_type=\"widget\" data-e-type=\"widget\" data-widget_type=\"shortcode.default\">\n\t\t\t\t<div class=\"elementor-widget-container\">\n\t\t\t\t\t\t\t<div class=\"elementor-shortcode\"><div class=\"_df_book df-lite\" id=\"df_4515\"  _slug=\"destination-storytelling-es\" data-title=\"destination-storytelling-es\" wpoptions=\"true\" thumbtype=\"\" ><\/div><script class=\"df-shortcode-script\" nowprocket type=\"application\/javascript\">window.option_df_4515 = {\"outline\":[],\"autoEnableOutline\":\"false\",\"autoEnableThumbnail\":\"false\",\"overwritePDFOutline\":\"false\",\"direction\":\"1\",\"pageSize\":\"0\",\"source\":\"https:\\\/\\\/enforce-project.eu\\\/docs\\\/es\\\/storytelling.pdf\",\"wpOptions\":\"true\"}; if(window.DFLIP && window.DFLIP.parseBooks){window.DFLIP.parseBooks();}<\/script>\n<\/div>\n\t\t\t\t\t\t<\/div>\n\t\t\t\t<\/div>\n\t\t\t\t\t<\/div>\n\t\t<\/div>\n\t\t\t\t<div class=\"elementor-column elementor-col-50 elementor-inner-column elementor-element elementor-element-979a001\" data-id=\"979a001\" data-element_type=\"column\" data-e-type=\"column\">\n\t\t\t<div class=\"elementor-widget-wrap elementor-element-populated\">\n\t\t\t\t\t\t<div class=\"elementor-element elementor-element-9047d6e elementor-hidden-mobile elementor-widget elementor-widget-image\" data-id=\"9047d6e\" data-element_type=\"widget\" data-e-type=\"widget\" data-widget_type=\"image.default\">\n\t\t\t\t<div class=\"elementor-widget-container\">\n\t\t\t\t\t\t\t\t\t\t\t\t\t\t\t<img fetchpriority=\"high\" decoding=\"async\" width=\"232\" height=\"580\" src=\"https:\/\/enforce-project.eu\/wp-content\/uploads\/Enforce_letters-blue.png\" class=\"attachment-large size-large wp-image-1582\" alt=\"\" srcset=\"https:\/\/enforce-project.eu\/wp-content\/uploads\/Enforce_letters-blue.png 232w, https:\/\/enforce-project.eu\/wp-content\/uploads\/Enforce_letters-blue-120x300.png 120w\" sizes=\"(max-width: 232px) 100vw, 232px\" \/>\t\t\t\t\t\t\t\t\t\t\t\t\t\t\t<\/div>\n\t\t\t\t<\/div>\n\t\t\t\t\t<\/div>\n\t\t<\/div>\n\t\t\t\t\t<\/div>\n\t\t<\/section>\n\t\t\t\t\t<\/div>\n\t\t<\/div>\n\t\t\t\t\t<\/div>\n\t\t<\/section>\n\t\t\t\t<\/div>\n\t\t","protected":false},"excerpt":{"rendered":"<p>No es dif\u00edcil imaginar el impacto positivo de una narraci\u00f3n eficaz en el contexto de los viajes y el turismo: Al fin y al cabo, las experiencias de viaje memorables tienen que ver con historias, incluidas las historias sobre la poblaci\u00f3n local y sus tradiciones culturales, las narraciones realizadas por gu\u00edas locales formados y las [&hellip;]<\/p>\n","protected":false},"author":5,"featured_media":0,"parent":0,"menu_order":0,"comment_status":"closed","ping_status":"closed","template":"elementor_header_footer","meta":{"footnotes":""},"class_list":["post-4484","page","type-page","status-publish","hentry"],"_links":{"self":[{"href":"https:\/\/enforce-project.eu\/es\/wp-json\/wp\/v2\/pages\/4484","targetHints":{"allow":["GET"]}}],"collection":[{"href":"https:\/\/enforce-project.eu\/es\/wp-json\/wp\/v2\/pages"}],"about":[{"href":"https:\/\/enforce-project.eu\/es\/wp-json\/wp\/v2\/types\/page"}],"author":[{"embeddable":true,"href":"https:\/\/enforce-project.eu\/es\/wp-json\/wp\/v2\/users\/5"}],"replies":[{"embeddable":true,"href":"https:\/\/enforce-project.eu\/es\/wp-json\/wp\/v2\/comments?post=4484"}],"version-history":[{"count":7,"href":"https:\/\/enforce-project.eu\/es\/wp-json\/wp\/v2\/pages\/4484\/revisions"}],"predecessor-version":[{"id":4527,"href":"https:\/\/enforce-project.eu\/es\/wp-json\/wp\/v2\/pages\/4484\/revisions\/4527"}],"wp:attachment":[{"href":"https:\/\/enforce-project.eu\/es\/wp-json\/wp\/v2\/media?parent=4484"}],"curies":[{"name":"wp","href":"https:\/\/api.w.org\/{rel}","templated":true}]}}