{"id":2643,"date":"2022-12-23T00:18:27","date_gmt":"2022-12-23T00:18:27","guid":{"rendered":"https:\/\/enforce-project.eu\/?page_id=2643"},"modified":"2023-12-04T12:14:37","modified_gmt":"2023-12-04T12:14:37","slug":"le-projet","status":"publish","type":"page","link":"https:\/\/enforce-project.eu\/fr\/le-projet","title":{"rendered":"Le projet"},"content":{"rendered":"\t\t<div data-elementor-type=\"wp-page\" data-elementor-id=\"2643\" class=\"elementor elementor-2643 elementor-13\" data-elementor-post-type=\"page\">\n\t\t\t\t\t\t<section class=\"elementor-section elementor-top-section elementor-element elementor-element-93c5ebb elementor-section-full_width elementor-section-height-min-height elementor-section-items-stretch elementor-section-height-default\" data-id=\"93c5ebb\" data-element_type=\"section\" data-e-type=\"section\" data-settings=\"{&quot;jet_parallax_layout_list&quot;:[],&quot;background_background&quot;:&quot;classic&quot;}\">\n\t\t\t\t\t\t<div class=\"elementor-container elementor-column-gap-default\">\n\t\t\t\t\t<div class=\"elementor-column elementor-col-33 elementor-top-column elementor-element elementor-element-78f58a6\" data-id=\"78f58a6\" data-element_type=\"column\" data-e-type=\"column\" data-settings=\"{&quot;background_background&quot;:&quot;classic&quot;}\">\n\t\t\t<div class=\"elementor-widget-wrap elementor-element-populated\">\n\t\t\t\t\t\t<div class=\"elementor-element elementor-element-ee64af1 elementor-hidden-desktop elementor-hidden-laptop elementor-widget elementor-widget-image\" data-id=\"ee64af1\" data-element_type=\"widget\" data-e-type=\"widget\" data-widget_type=\"image.default\">\n\t\t\t\t<div class=\"elementor-widget-container\">\n\t\t\t\t\t\t\t\t\t\t\t\t<figure class=\"wp-caption\">\n\t\t\t\t\t\t\t\t\t\t<img fetchpriority=\"high\" decoding=\"async\" width=\"800\" height=\"450\" src=\"https:\/\/enforce-project.eu\/wp-content\/uploads\/Bulgaria_1920x1080-1024x576.jpg\" class=\"attachment-large size-large wp-image-2529\" alt=\"\" srcset=\"https:\/\/enforce-project.eu\/wp-content\/uploads\/Bulgaria_1920x1080-1024x576.jpg 1024w, https:\/\/enforce-project.eu\/wp-content\/uploads\/Bulgaria_1920x1080-300x169.jpg 300w, https:\/\/enforce-project.eu\/wp-content\/uploads\/Bulgaria_1920x1080-768x432.jpg 768w, https:\/\/enforce-project.eu\/wp-content\/uploads\/Bulgaria_1920x1080-1536x864.jpg 1536w, https:\/\/enforce-project.eu\/wp-content\/uploads\/Bulgaria_1920x1080.jpg 1920w\" sizes=\"(max-width: 800px) 100vw, 800px\" \/>\t\t\t\t\t\t\t\t\t\t\t<figcaption class=\"widget-image-caption wp-caption-text\"><\/figcaption>\n\t\t\t\t\t\t\t\t\t\t<\/figure>\n\t\t\t\t\t\t\t\t\t<\/div>\n\t\t\t\t<\/div>\n\t\t\t\t\t<\/div>\n\t\t<\/div>\n\t\t\t\t<div class=\"elementor-column elementor-col-33 elementor-top-column elementor-element elementor-element-9f9e24e\" data-id=\"9f9e24e\" data-element_type=\"column\" data-e-type=\"column\">\n\t\t\t<div class=\"elementor-widget-wrap elementor-element-populated\">\n\t\t\t\t\t\t<div class=\"elementor-element elementor-element-1aed25f elementor-widget elementor-widget-text-editor\" data-id=\"1aed25f\" data-element_type=\"widget\" data-e-type=\"widget\" data-widget_type=\"text-editor.default\">\n\t\t\t\t<div class=\"elementor-widget-container\">\n\t\t\t\t\t\t\t\t\t<p>ENFORCE consid\u00e8re que le tourisme doit \u00eatre authentique, immersif et signifiant pour les touristes et les professionnels. Afin de renforcer le syst\u00e8me r\u00e9g\u00e9n\u00e9ratif, nous explorerons les strat\u00e9gies de storytelling qui aident les prestataires touristiques \u00e0 promouvoir leur offre, \u00e0 encourager les voyages respectueux de l&rsquo;environnement et \u00e0 pr\u00e9server le patrimoine culturel et les traditions locales.<br \/>Le tourisme durable commence avec nous : visiter moins de destinations \u00e0 la mode, s&rsquo;engager dans des exp\u00e9riences locales authentiques, consommer des aliments locaux et voyager hors saison afin de r\u00e9duire la consommation de masse et la pression sur l&rsquo;environnement. Ensemble, nous pouvons faire de ces r\u00e9gions moins promues des destinations touristiques fortes, tout en attirant des clients soucieux de la durabilit\u00e9. De cette mani\u00e8re, nous pouvons offrir aux micro-entreprises et aux jeunes pousses la possibilit\u00e9 d&rsquo;entrer dans le secteur du tourisme, tout en actualisant les offres pour r\u00e9pondre aux nouvelles demandes des professionnels du tourisme d\u00e9j\u00e0 en place.<\/p><p>\u00cates-vous un professionnel travaillant dans le secteur du tourisme ? Un centre \u00e9ducatif ? Une organisation ? UNE ONG ? Une formation professionnelle impliqu\u00e9e dans le tourisme ? Nous pensons que l&rsquo;\u00e9ducation joue un r\u00f4le cl\u00e9 dans tous les secteurs professionnels, y compris le tourisme.<\/p><p>Apprenez de nouvelles comp\u00e9tences tout en associant la narration et le marketing du tourisme. Nos objectifs sont de promouvoir des exp\u00e9riences de tourisme culturel r\u00e9g\u00e9n\u00e9rateur par le biais de la narration tout en offrant des opportunit\u00e9s d&rsquo;apprentissage de haute qualit\u00e9 pour les \u00e9tudiants et les professionnels de l&rsquo;EFP, adapt\u00e9es aux besoins r\u00e9els du march\u00e9.<\/p>\t\t\t\t\t\t\t\t<\/div>\n\t\t\t\t<\/div>\n\t\t\t\t\t<\/div>\n\t\t<\/div>\n\t\t\t\t<div class=\"elementor-column elementor-col-33 elementor-top-column elementor-element elementor-element-28a3f26\" data-id=\"28a3f26\" data-element_type=\"column\" data-e-type=\"column\">\n\t\t\t<div class=\"elementor-widget-wrap elementor-element-populated\">\n\t\t\t\t\t\t<div class=\"elementor-element elementor-element-0e4398a elementor-hidden-mobile elementor-widget elementor-widget-image\" data-id=\"0e4398a\" data-element_type=\"widget\" data-e-type=\"widget\" data-widget_type=\"image.default\">\n\t\t\t\t<div class=\"elementor-widget-container\">\n\t\t\t\t\t\t\t\t\t\t\t\t\t\t\t<img decoding=\"async\" width=\"232\" height=\"580\" src=\"https:\/\/enforce-project.eu\/wp-content\/uploads\/enforce-letters-1.png\" class=\"attachment-large size-large wp-image-2535\" alt=\"\" srcset=\"https:\/\/enforce-project.eu\/wp-content\/uploads\/enforce-letters-1.png 232w, https:\/\/enforce-project.eu\/wp-content\/uploads\/enforce-letters-1-120x300.png 120w\" sizes=\"(max-width: 232px) 100vw, 232px\" \/>\t\t\t\t\t\t\t\t\t\t\t\t\t\t\t<\/div>\n\t\t\t\t<\/div>\n\t\t\t\t\t<\/div>\n\t\t<\/div>\n\t\t\t\t\t<\/div>\n\t\t<\/section>\n\t\t\t\t<\/div>\n\t\t","protected":false},"excerpt":{"rendered":"<p>ENFORCE consid\u00e8re que le tourisme doit \u00eatre authentique, immersif et signifiant pour les touristes et les professionnels. Afin de renforcer le syst\u00e8me r\u00e9g\u00e9n\u00e9ratif, nous explorerons les strat\u00e9gies de storytelling qui aident les prestataires touristiques \u00e0 promouvoir leur offre, \u00e0 encourager les voyages respectueux de l&rsquo;environnement et \u00e0 pr\u00e9server le patrimoine culturel et les traditions locales.Le [&hellip;]<\/p>\n","protected":false},"author":5,"featured_media":0,"parent":0,"menu_order":0,"comment_status":"closed","ping_status":"closed","template":"elementor_header_footer","meta":{"footnotes":""},"class_list":["post-2643","page","type-page","status-publish","hentry"],"_links":{"self":[{"href":"https:\/\/enforce-project.eu\/fr\/wp-json\/wp\/v2\/pages\/2643","targetHints":{"allow":["GET"]}}],"collection":[{"href":"https:\/\/enforce-project.eu\/fr\/wp-json\/wp\/v2\/pages"}],"about":[{"href":"https:\/\/enforce-project.eu\/fr\/wp-json\/wp\/v2\/types\/page"}],"author":[{"embeddable":true,"href":"https:\/\/enforce-project.eu\/fr\/wp-json\/wp\/v2\/users\/5"}],"replies":[{"embeddable":true,"href":"https:\/\/enforce-project.eu\/fr\/wp-json\/wp\/v2\/comments?post=2643"}],"version-history":[{"count":7,"href":"https:\/\/enforce-project.eu\/fr\/wp-json\/wp\/v2\/pages\/2643\/revisions"}],"predecessor-version":[{"id":5342,"href":"https:\/\/enforce-project.eu\/fr\/wp-json\/wp\/v2\/pages\/2643\/revisions\/5342"}],"wp:attachment":[{"href":"https:\/\/enforce-project.eu\/fr\/wp-json\/wp\/v2\/media?parent=2643"}],"curies":[{"name":"wp","href":"https:\/\/api.w.org\/{rel}","templated":true}]}}