{"id":4487,"date":"2023-04-18T07:41:11","date_gmt":"2023-04-18T07:41:11","guid":{"rendered":"https:\/\/enforce-project.eu\/?page_id=4487"},"modified":"2023-10-30T09:31:06","modified_gmt":"2023-10-30T09:31:06","slug":"storytelling-des-destinations","status":"publish","type":"page","link":"https:\/\/enforce-project.eu\/fr\/storytelling-des-destinations","title":{"rendered":"Storytelling des destinations"},"content":{"rendered":"\t\t<div data-elementor-type=\"wp-page\" data-elementor-id=\"4487\" class=\"elementor elementor-4487 elementor-1198\" data-elementor-post-type=\"page\">\n\t\t\t\t\t\t<section class=\"elementor-section elementor-top-section elementor-element elementor-element-d541abe elementor-section-full_width elementor-section-stretched elementor-section-height-default elementor-section-height-default\" data-id=\"d541abe\" data-element_type=\"section\" data-e-type=\"section\" data-settings=\"{&quot;jet_parallax_layout_list&quot;:[],&quot;background_background&quot;:&quot;classic&quot;,&quot;stretch_section&quot;:&quot;section-stretched&quot;}\">\n\t\t\t\t\t\t<div class=\"elementor-container elementor-column-gap-default\">\n\t\t\t\t\t<div class=\"elementor-column elementor-col-100 elementor-top-column elementor-element elementor-element-7729829\" data-id=\"7729829\" data-element_type=\"column\" data-e-type=\"column\">\n\t\t\t<div class=\"elementor-widget-wrap elementor-element-populated\">\n\t\t\t\t\t\t<section class=\"elementor-section elementor-inner-section elementor-element elementor-element-1e99277 elementor-section-full_width elementor-section-height-default elementor-section-height-default\" data-id=\"1e99277\" data-element_type=\"section\" data-e-type=\"section\" data-settings=\"{&quot;jet_parallax_layout_list&quot;:[]}\">\n\t\t\t\t\t\t<div class=\"elementor-container elementor-column-gap-default\">\n\t\t\t\t\t<div class=\"elementor-column elementor-col-50 elementor-inner-column elementor-element elementor-element-3922cea\" data-id=\"3922cea\" data-element_type=\"column\" data-e-type=\"column\">\n\t\t\t<div class=\"elementor-widget-wrap elementor-element-populated\">\n\t\t\t\t\t\t<div class=\"elementor-element elementor-element-e8c7ce5 elementor-widget elementor-widget-text-editor\" data-id=\"e8c7ce5\" data-element_type=\"widget\" data-e-type=\"widget\" data-widget_type=\"text-editor.default\">\n\t\t\t\t<div class=\"elementor-widget-container\">\n\t\t\t\t\t\t\t\t\t<p>Il n&rsquo;est pas difficile d&rsquo;imaginer l&rsquo;impact positif d&rsquo;un storytelling efficace dans le contexte des voyages et du tourisme : Apr\u00e8s tout, les exp\u00e9riences de voyage m\u00e9morables sont faites d&rsquo;histoires. Des histoires sur les populations locales et leurs traditions culturelles, des r\u00e9cits d\u00e9livr\u00e9s par des guides locaux qualifi\u00e9s, et des histoires sur les voyageurs eux-m\u00eames.<\/p><p>Le tourisme \u00e9volue chaque jour. Il est n\u00e9cessaire de garder cela \u00e0 l&rsquo;esprit lorsque l&rsquo;on cherche le bon moyen de promouvoir une destination. l&rsquo;avenir du secteur r\u00e9side dans le tourisme r\u00e9g\u00e9n\u00e9ratif, et la narration est le parfait outil pour faire parler de votre r\u00e9gion.<\/p><p>Il est n\u00e9cessaire de comprendre les besoins et les d\u00e9sirs des visiteurs afin de leur offrir une exp\u00e9rience appropri\u00e9e, tout en assurant la protection du lieu. En faisant les bons choix pour les touristes, mais aussi pour les habitants, l&rsquo;exp\u00e9rience globale sera meilleure pour tous, car ils resteront motiv\u00e9s pour apprendre de nouvelles fa\u00e7ons de faire.<\/p><p>Nous vous invitons \u00e0 consulter cette section et \u00e0 nous rejoindre dans ce programme pour qu&rsquo;ensemble nous puissions en apprendre davantage sur le tourisme r\u00e9g\u00e9n\u00e9ratif et la promotion d&rsquo;une r\u00e9gion par le storytelling.<\/p>\t\t\t\t\t\t\t\t<\/div>\n\t\t\t\t<\/div>\n\t\t\t\t<div class=\"elementor-element elementor-element-f97f7e4 elementor-widget elementor-widget-shortcode\" data-id=\"f97f7e4\" data-element_type=\"widget\" data-e-type=\"widget\" data-widget_type=\"shortcode.default\">\n\t\t\t\t<div class=\"elementor-widget-container\">\n\t\t\t\t\t\t\t<div class=\"elementor-shortcode\"><div class=\"_df_book df-lite\" id=\"df_4518\"  _slug=\"destination-storytelling-fr\" data-title=\"destination-storytelling-fr\" wpoptions=\"true\" thumbtype=\"\" ><\/div><script class=\"df-shortcode-script\" nowprocket type=\"application\/javascript\">window.option_df_4518 = {\"outline\":[],\"autoEnableOutline\":\"false\",\"autoEnableThumbnail\":\"false\",\"overwritePDFOutline\":\"false\",\"direction\":\"1\",\"pageSize\":\"0\",\"source\":\"https:\\\/\\\/enforce-project.eu\\\/docs\\\/fr\\\/storytelling.pdf\",\"wpOptions\":\"true\"}; if(window.DFLIP && window.DFLIP.parseBooks){window.DFLIP.parseBooks();}<\/script>\n<\/div>\n\t\t\t\t\t\t<\/div>\n\t\t\t\t<\/div>\n\t\t\t\t\t<\/div>\n\t\t<\/div>\n\t\t\t\t<div class=\"elementor-column elementor-col-50 elementor-inner-column elementor-element elementor-element-979a001\" data-id=\"979a001\" data-element_type=\"column\" data-e-type=\"column\">\n\t\t\t<div class=\"elementor-widget-wrap elementor-element-populated\">\n\t\t\t\t\t\t<div class=\"elementor-element elementor-element-9047d6e elementor-hidden-mobile elementor-widget elementor-widget-image\" data-id=\"9047d6e\" data-element_type=\"widget\" data-e-type=\"widget\" data-widget_type=\"image.default\">\n\t\t\t\t<div class=\"elementor-widget-container\">\n\t\t\t\t\t\t\t\t\t\t\t\t\t\t\t<img fetchpriority=\"high\" decoding=\"async\" width=\"232\" height=\"580\" src=\"https:\/\/enforce-project.eu\/wp-content\/uploads\/Enforce_letters-blue.png\" class=\"attachment-large size-large wp-image-2537\" alt=\"\" srcset=\"https:\/\/enforce-project.eu\/wp-content\/uploads\/Enforce_letters-blue.png 232w, https:\/\/enforce-project.eu\/wp-content\/uploads\/Enforce_letters-blue-120x300.png 120w\" sizes=\"(max-width: 232px) 100vw, 232px\" \/>\t\t\t\t\t\t\t\t\t\t\t\t\t\t\t<\/div>\n\t\t\t\t<\/div>\n\t\t\t\t\t<\/div>\n\t\t<\/div>\n\t\t\t\t\t<\/div>\n\t\t<\/section>\n\t\t\t\t\t<\/div>\n\t\t<\/div>\n\t\t\t\t\t<\/div>\n\t\t<\/section>\n\t\t\t\t<\/div>\n\t\t","protected":false},"excerpt":{"rendered":"<p>Il n&rsquo;est pas difficile d&rsquo;imaginer l&rsquo;impact positif d&rsquo;un storytelling efficace dans le contexte des voyages et du tourisme : Apr\u00e8s tout, les exp\u00e9riences de voyage m\u00e9morables sont faites d&rsquo;histoires. Des histoires sur les populations locales et leurs traditions culturelles, des r\u00e9cits d\u00e9livr\u00e9s par des guides locaux qualifi\u00e9s, et des histoires sur les voyageurs eux-m\u00eames. Le [&hellip;]<\/p>\n","protected":false},"author":5,"featured_media":0,"parent":0,"menu_order":0,"comment_status":"closed","ping_status":"closed","template":"elementor_header_footer","meta":{"footnotes":""},"class_list":["post-4487","page","type-page","status-publish","hentry"],"_links":{"self":[{"href":"https:\/\/enforce-project.eu\/fr\/wp-json\/wp\/v2\/pages\/4487","targetHints":{"allow":["GET"]}}],"collection":[{"href":"https:\/\/enforce-project.eu\/fr\/wp-json\/wp\/v2\/pages"}],"about":[{"href":"https:\/\/enforce-project.eu\/fr\/wp-json\/wp\/v2\/types\/page"}],"author":[{"embeddable":true,"href":"https:\/\/enforce-project.eu\/fr\/wp-json\/wp\/v2\/users\/5"}],"replies":[{"embeddable":true,"href":"https:\/\/enforce-project.eu\/fr\/wp-json\/wp\/v2\/comments?post=4487"}],"version-history":[{"count":7,"href":"https:\/\/enforce-project.eu\/fr\/wp-json\/wp\/v2\/pages\/4487\/revisions"}],"predecessor-version":[{"id":4539,"href":"https:\/\/enforce-project.eu\/fr\/wp-json\/wp\/v2\/pages\/4487\/revisions\/4539"}],"wp:attachment":[{"href":"https:\/\/enforce-project.eu\/fr\/wp-json\/wp\/v2\/media?parent=4487"}],"curies":[{"name":"wp","href":"https:\/\/api.w.org\/{rel}","templated":true}]}}