{"id":7238,"date":"2023-02-16T11:48:31","date_gmt":"2023-02-16T11:48:31","guid":{"rendered":"https:\/\/enforce-project.eu\/?page_id=7238"},"modified":"2025-06-26T09:59:29","modified_gmt":"2025-06-26T09:59:29","slug":"cronograma","status":"publish","type":"page","link":"https:\/\/enforce-project.eu\/pt-pt\/cronograma","title":{"rendered":"Cronograma"},"content":{"rendered":"\t\t<div data-elementor-type=\"wp-page\" data-elementor-id=\"7238\" class=\"elementor elementor-7238 elementor-464\" data-elementor-post-type=\"page\">\n\t\t\t\t\t\t<section class=\"elementor-section elementor-top-section elementor-element elementor-element-4f66678 elementor-section-content-top elementor-section-height-min-height elementor-section-items-top elementor-section-boxed elementor-section-height-default\" data-id=\"4f66678\" data-element_type=\"section\" data-e-type=\"section\" data-settings=\"{&quot;background_background&quot;:&quot;classic&quot;,&quot;jet_parallax_layout_list&quot;:[]}\">\n\t\t\t\t\t\t<div class=\"elementor-container elementor-column-gap-no\">\n\t\t\t\t\t<div class=\"elementor-column elementor-col-100 elementor-top-column elementor-element elementor-element-579f895\" data-id=\"579f895\" data-element_type=\"column\" data-e-type=\"column\">\n\t\t\t<div class=\"elementor-widget-wrap elementor-element-populated\">\n\t\t\t\t\t\t<section class=\"elementor-section elementor-inner-section elementor-element elementor-element-95c6215 elementor-section-full_width elementor-section-height-default elementor-section-height-default\" data-id=\"95c6215\" data-element_type=\"section\" data-e-type=\"section\" data-settings=\"{&quot;jet_parallax_layout_list&quot;:[]}\">\n\t\t\t\t\t\t<div class=\"elementor-container elementor-column-gap-default\">\n\t\t\t\t\t<div class=\"elementor-column elementor-col-100 elementor-inner-column elementor-element elementor-element-b233cf6\" data-id=\"b233cf6\" data-element_type=\"column\" data-e-type=\"column\">\n\t\t\t<div class=\"elementor-widget-wrap elementor-element-populated\">\n\t\t\t\t\t\t<div class=\"elementor-element elementor-element-2503bb7 elementor-widget elementor-widget-jet-timeline\" data-id=\"2503bb7\" data-element_type=\"widget\" data-e-type=\"widget\" data-widget_type=\"jet-timeline.default\">\n\t\t\t\t<div class=\"elementor-widget-container\">\n\t\t\t\t\t<div class=\"elementor-jet-timeline jet-elements\"><div class=\"jet-timeline jet-timeline--align-left jet-timeline--align-middle\">\n\t<div class=\"jet-timeline__line\"><div class=\"jet-timeline__line-progress\"><\/div><\/div>\n\t<div class=\"jet-timeline-list\"><div class=\"jet-timeline-item jet-timeline-item--animated elementor-repeater-item-99e9eb0 jet-timeline-item--image-inside\">\n\t<div class=\"timeline-item__card\">\n\t\t<div class=\"timeline-item__card-inner\">\n\t\t\t\t<div class=\"timeline-item__card-img\"><img fetchpriority=\"high\" decoding=\"async\" width=\"1536\" height=\"1152\" src=\"https:\/\/enforce-project.eu\/wp-content\/uploads\/IMG_5213-1536x1152.jpeg\" class=\"attachment-1536x1536 size-1536x1536 wp-image-1803\" alt=\"\" srcset=\"https:\/\/enforce-project.eu\/wp-content\/uploads\/IMG_5213-1536x1152.jpeg 1536w, https:\/\/enforce-project.eu\/wp-content\/uploads\/IMG_5213-300x225.jpeg 300w, https:\/\/enforce-project.eu\/wp-content\/uploads\/IMG_5213-1024x768.jpeg 1024w, https:\/\/enforce-project.eu\/wp-content\/uploads\/IMG_5213-768x576.jpeg 768w, https:\/\/enforce-project.eu\/wp-content\/uploads\/IMG_5213.jpeg 2048w\" sizes=\"(max-width: 1536px) 100vw, 1536px\" \/><\/div>\t\t\t\t<div class=\"timeline-item__card-content\">\n\t\t\t\t\t<div class=\"timeline-item__meta\"><div class=\"timeline-item__meta-content\">JANEIRO 2023<\/div><\/div><h5 class=\"timeline-item__card-title\">Reuni\u00e3o de lan\u00e7amento<\/h5><div class=\"timeline-item__card-desc\">Luxemburgo<\/br><\/br><a class=\"botontimeline\" href=\"#elementor-action%3Aaction%3Dpopup%3Aopen%26settings%3DeyJpZCI6NzI0NiwidG9nZ2xlIjp0cnVlfQ%3D%3D\" target=\"_blank\" rel=\"noopener\">VER INFORMA\u00c7\u00d5ES<\/a><\/div>\t\t\t\t<\/div>\n\t\t\t\t\t\t<\/div>\n\t\t<div class=\"timeline-item__card-arrow\"><\/div>\n\t<\/div>\n\t<div class=\"timeline-item__point\"><div class=\"timeline-item__point-content timeline-item__point-content--icon\"><span class=\"jet-elements-icon\"><i aria-hidden=\"true\" class=\"fas fa-calendar-alt\"><\/i><\/span><\/div><\/div><div class=\"timeline-item__meta\"><div class=\"timeline-item__meta-content\">JANEIRO 2023<\/div><\/div><\/div><div class=\"jet-timeline-item jet-timeline-item--animated elementor-repeater-item-457a2b5 jet-timeline-item--image-inside\">\n\t<div class=\"timeline-item__card\">\n\t\t<div class=\"timeline-item__card-inner\">\n\t\t\t\t<div class=\"timeline-item__card-img\"><img decoding=\"async\" width=\"2048\" height=\"1536\" src=\"https:\/\/enforce-project.eu\/wp-content\/uploads\/TPM-aveiro_Photo-timeline.jpeg\" class=\"attachment-full size-full wp-image-4662\" alt=\"\" srcset=\"https:\/\/enforce-project.eu\/wp-content\/uploads\/TPM-aveiro_Photo-timeline.jpeg 2048w, https:\/\/enforce-project.eu\/wp-content\/uploads\/TPM-aveiro_Photo-timeline-300x225.jpeg 300w, https:\/\/enforce-project.eu\/wp-content\/uploads\/TPM-aveiro_Photo-timeline-1024x768.jpeg 1024w, https:\/\/enforce-project.eu\/wp-content\/uploads\/TPM-aveiro_Photo-timeline-768x576.jpeg 768w, https:\/\/enforce-project.eu\/wp-content\/uploads\/TPM-aveiro_Photo-timeline-1536x1152.jpeg 1536w\" sizes=\"(max-width: 2048px) 100vw, 2048px\" \/><\/div>\t\t\t\t<div class=\"timeline-item__card-content\">\n\t\t\t\t\t<div class=\"timeline-item__meta\"><div class=\"timeline-item__meta-content\">SETEMBRO 2023<\/div><\/div><h5 class=\"timeline-item__card-title\">Segunda Reuni\u00e3o Transnacional<\/h5><div class=\"timeline-item__card-desc\">Portugal<\/br><\/br>\n<a class=\"botontimeline\" href=\"#elementor-action%3Aaction%3Dpopup%3Aopen%26settings%3DeyJpZCI6NzI0MiwidG9nZ2xlIjp0cnVlfQ%3D%3D\" target=\"_blank\" rel=\"noopener\">VER INFORMA\u00c7\u00d5ES<\/a><\/div>\t\t\t\t<\/div>\n\t\t\t\t\t\t<\/div>\n\t\t<div class=\"timeline-item__card-arrow\"><\/div>\n\t<\/div>\n\t<div class=\"timeline-item__point\"><div class=\"timeline-item__point-content timeline-item__point-content--icon\"><span class=\"jet-elements-icon\"><i aria-hidden=\"true\" class=\"fas fa-calendar-alt\"><\/i><\/span><\/div><\/div><div class=\"timeline-item__meta\"><div class=\"timeline-item__meta-content\">SETEMBRO 2023<\/div><\/div><\/div><div class=\"jet-timeline-item jet-timeline-item--animated elementor-repeater-item-4423079 jet-timeline-item--image-inside\">\n\t<div class=\"timeline-item__card\">\n\t\t<div class=\"timeline-item__card-inner\">\n\t\t\t\t<div class=\"timeline-item__card-img\"><img decoding=\"async\" width=\"853\" height=\"1280\" src=\"https:\/\/enforce-project.eu\/wp-content\/uploads\/ljubljana-g4e7174dc6_1280.jpg\" class=\"attachment-full size-full wp-image-1837\" alt=\"\" srcset=\"https:\/\/enforce-project.eu\/wp-content\/uploads\/ljubljana-g4e7174dc6_1280.jpg 853w, https:\/\/enforce-project.eu\/wp-content\/uploads\/ljubljana-g4e7174dc6_1280-200x300.jpg 200w, https:\/\/enforce-project.eu\/wp-content\/uploads\/ljubljana-g4e7174dc6_1280-682x1024.jpg 682w, https:\/\/enforce-project.eu\/wp-content\/uploads\/ljubljana-g4e7174dc6_1280-768x1152.jpg 768w\" sizes=\"(max-width: 853px) 100vw, 853px\" \/><\/div>\t\t\t\t<div class=\"timeline-item__card-content\">\n\t\t\t\t\t<div class=\"timeline-item__meta\"><div class=\"timeline-item__meta-content\">MAIO 2024<\/div><\/div><h5 class=\"timeline-item__card-title\">Terceira Reuni\u00e3o Transnacional<\/h5><div class=\"timeline-item__card-desc\">Eslov\u00e9nia\n<\/br><\/br>\n<a class=\"botontimeline\" href=\"#elementor-action%3Aaction%3Dpopup%3Aopen%26settings%3DeyJpZCI6MTA4ODYsInRvZ2dsZSI6dHJ1ZX0%3D\" target=\"_blank\" rel=\"noopener\">VER INFORMA\u00c7\u00d5ES<\/a><\/div>\t\t\t\t<\/div>\n\t\t\t\t\t\t<\/div>\n\t\t<div class=\"timeline-item__card-arrow\"><\/div>\n\t<\/div>\n\t<div class=\"timeline-item__point\"><div class=\"timeline-item__point-content timeline-item__point-content--icon\"><span class=\"jet-elements-icon\"><i aria-hidden=\"true\" class=\"fas fa-calendar-alt\"><\/i><\/span><\/div><\/div><div class=\"timeline-item__meta\"><div class=\"timeline-item__meta-content\">MAIO 2024<\/div><\/div><\/div><div class=\"jet-timeline-item jet-timeline-item--animated elementor-repeater-item-53fbaea jet-timeline-item--image-inside\">\n\t<div class=\"timeline-item__card\">\n\t\t<div class=\"timeline-item__card-inner\">\n\t\t\t\t<div class=\"timeline-item__card-img\"><img loading=\"lazy\" decoding=\"async\" width=\"1280\" height=\"853\" src=\"https:\/\/enforce-project.eu\/wp-content\/uploads\/museum-gb103bc510_1280.jpg\" class=\"attachment-full size-full wp-image-1839\" alt=\"\" srcset=\"https:\/\/enforce-project.eu\/wp-content\/uploads\/museum-gb103bc510_1280.jpg 1280w, https:\/\/enforce-project.eu\/wp-content\/uploads\/museum-gb103bc510_1280-300x200.jpg 300w, https:\/\/enforce-project.eu\/wp-content\/uploads\/museum-gb103bc510_1280-1024x682.jpg 1024w, https:\/\/enforce-project.eu\/wp-content\/uploads\/museum-gb103bc510_1280-768x512.jpg 768w\" sizes=\"(max-width: 1280px) 100vw, 1280px\" \/><\/div>\t\t\t\t<div class=\"timeline-item__card-content\">\n\t\t\t\t\t<div class=\"timeline-item__meta\"><div class=\"timeline-item__meta-content\">MAIO 2025<\/div><\/div><h5 class=\"timeline-item__card-title\">Reuni\u00e3o Final Transnacional<\/h5><div class=\"timeline-item__card-desc\">Bulg\u00e1ria\n<\/br><\/br>\n<a class=\"botontimeline\" href=\"#elementor-action%3Aaction%3Dpopup%3Aopen%26settings%3DeyJpZCI6MTA5NzIsInRvZ2dsZSI6dHJ1ZX0%3D\" target=\"_blank\" rel=\"noopener\">VER INFORMA\u00c7\u00d5ES<\/a><\/div>\t\t\t\t<\/div>\n\t\t\t\t\t\t<\/div>\n\t\t<div class=\"timeline-item__card-arrow\"><\/div>\n\t<\/div>\n\t<div class=\"timeline-item__point\"><div class=\"timeline-item__point-content timeline-item__point-content--icon\"><span class=\"jet-elements-icon\"><i aria-hidden=\"true\" class=\"fas fa-calendar-alt\"><\/i><\/span><\/div><\/div><div class=\"timeline-item__meta\"><div class=\"timeline-item__meta-content\">MAIO 2025<\/div><\/div><\/div><\/div><\/div><\/div>\t\t\t\t<\/div>\n\t\t\t\t<\/div>\n\t\t\t\t\t<\/div>\n\t\t<\/div>\n\t\t\t\t\t<\/div>\n\t\t<\/section>\n\t\t\t\t<div class=\"elementor-element elementor-element-51a5304 elementor-hidden-laptop elementor-hidden-tablet elementor-hidden-mobile e-transform elementor-widget elementor-widget-heading\" data-id=\"51a5304\" data-element_type=\"widget\" data-e-type=\"widget\" data-settings=\"{&quot;_transform_rotateZ_effect&quot;:{&quot;unit&quot;:&quot;px&quot;,&quot;size&quot;:-90,&quot;sizes&quot;:[]},&quot;_transform_rotateZ_effect_laptop&quot;:{&quot;unit&quot;:&quot;deg&quot;,&quot;size&quot;:&quot;&quot;,&quot;sizes&quot;:[]},&quot;_transform_rotateZ_effect_tablet_extra&quot;:{&quot;unit&quot;:&quot;deg&quot;,&quot;size&quot;:&quot;&quot;,&quot;sizes&quot;:[]},&quot;_transform_rotateZ_effect_tablet&quot;:{&quot;unit&quot;:&quot;deg&quot;,&quot;size&quot;:&quot;&quot;,&quot;sizes&quot;:[]},&quot;_transform_rotateZ_effect_mobile&quot;:{&quot;unit&quot;:&quot;deg&quot;,&quot;size&quot;:&quot;&quot;,&quot;sizes&quot;:[]}}\" data-widget_type=\"heading.default\">\n\t\t\t\t<div class=\"elementor-widget-container\">\n\t\t\t\t\t<span class=\"elementor-heading-title elementor-size-default\">Enforce Project<\/span>\t\t\t\t<\/div>\n\t\t\t\t<\/div>\n\t\t\t\t\t<\/div>\n\t\t<\/div>\n\t\t\t\t\t<\/div>\n\t\t<\/section>\n\t\t\t\t<\/div>\n\t\t","protected":false},"excerpt":{"rendered":"<p>JANEIRO 2023 Reuni\u00e3o de lan\u00e7amento LuxemburgoVER INFORMA\u00c7\u00d5ES JANEIRO 2023 SETEMBRO 2023 Segunda Reuni\u00e3o Transnacional Portugal VER INFORMA\u00c7\u00d5ES SETEMBRO 2023 MAIO 2024 Terceira Reuni\u00e3o Transnacional Eslov\u00e9nia VER INFORMA\u00c7\u00d5ES MAIO 2024 MAIO 2025 Reuni\u00e3o Final Transnacional Bulg\u00e1ria VER INFORMA\u00c7\u00d5ES MAIO 2025 Enforce Project<\/p>\n","protected":false},"author":5,"featured_media":0,"parent":0,"menu_order":0,"comment_status":"closed","ping_status":"closed","template":"","meta":{"footnotes":""},"class_list":["post-7238","page","type-page","status-publish","hentry"],"_links":{"self":[{"href":"https:\/\/enforce-project.eu\/pt-pt\/wp-json\/wp\/v2\/pages\/7238","targetHints":{"allow":["GET"]}}],"collection":[{"href":"https:\/\/enforce-project.eu\/pt-pt\/wp-json\/wp\/v2\/pages"}],"about":[{"href":"https:\/\/enforce-project.eu\/pt-pt\/wp-json\/wp\/v2\/types\/page"}],"author":[{"embeddable":true,"href":"https:\/\/enforce-project.eu\/pt-pt\/wp-json\/wp\/v2\/users\/5"}],"replies":[{"embeddable":true,"href":"https:\/\/enforce-project.eu\/pt-pt\/wp-json\/wp\/v2\/comments?post=7238"}],"version-history":[{"count":21,"href":"https:\/\/enforce-project.eu\/pt-pt\/wp-json\/wp\/v2\/pages\/7238\/revisions"}],"predecessor-version":[{"id":10985,"href":"https:\/\/enforce-project.eu\/pt-pt\/wp-json\/wp\/v2\/pages\/7238\/revisions\/10985"}],"wp:attachment":[{"href":"https:\/\/enforce-project.eu\/pt-pt\/wp-json\/wp\/v2\/media?parent=7238"}],"curies":[{"name":"wp","href":"https:\/\/api.w.org\/{rel}","templated":true}]}}