{"id":4485,"date":"2023-04-18T07:41:11","date_gmt":"2023-04-18T07:41:11","guid":{"rendered":"https:\/\/enforce-project.eu\/?page_id=4485"},"modified":"2023-10-30T09:30:07","modified_gmt":"2023-10-30T09:30:07","slug":"destinacije-skozi-pripovedovanje-zgodb","status":"publish","type":"page","link":"https:\/\/enforce-project.eu\/sl\/destinacije-skozi-pripovedovanje-zgodb","title":{"rendered":"Destinacije skozi pripovedovanje zgodb"},"content":{"rendered":"\t\t<div data-elementor-type=\"wp-page\" data-elementor-id=\"4485\" class=\"elementor elementor-4485 elementor-1198\" data-elementor-post-type=\"page\">\n\t\t\t\t\t\t<section class=\"elementor-section elementor-top-section elementor-element elementor-element-d541abe elementor-section-full_width elementor-section-stretched elementor-section-height-default elementor-section-height-default\" data-id=\"d541abe\" data-element_type=\"section\" data-e-type=\"section\" data-settings=\"{&quot;jet_parallax_layout_list&quot;:[],&quot;background_background&quot;:&quot;classic&quot;,&quot;stretch_section&quot;:&quot;section-stretched&quot;}\">\n\t\t\t\t\t\t<div class=\"elementor-container elementor-column-gap-default\">\n\t\t\t\t\t<div class=\"elementor-column elementor-col-100 elementor-top-column elementor-element elementor-element-7729829\" data-id=\"7729829\" data-element_type=\"column\" data-e-type=\"column\">\n\t\t\t<div class=\"elementor-widget-wrap elementor-element-populated\">\n\t\t\t\t\t\t<section class=\"elementor-section elementor-inner-section elementor-element elementor-element-1e99277 elementor-section-full_width elementor-section-height-default elementor-section-height-default\" data-id=\"1e99277\" data-element_type=\"section\" data-e-type=\"section\" data-settings=\"{&quot;jet_parallax_layout_list&quot;:[]}\">\n\t\t\t\t\t\t<div class=\"elementor-container elementor-column-gap-default\">\n\t\t\t\t\t<div class=\"elementor-column elementor-col-50 elementor-inner-column elementor-element elementor-element-3922cea\" data-id=\"3922cea\" data-element_type=\"column\" data-e-type=\"column\">\n\t\t\t<div class=\"elementor-widget-wrap elementor-element-populated\">\n\t\t\t\t\t\t<div class=\"elementor-element elementor-element-e8c7ce5 elementor-widget elementor-widget-text-editor\" data-id=\"e8c7ce5\" data-element_type=\"widget\" data-e-type=\"widget\" data-widget_type=\"text-editor.default\">\n\t\t\t\t<div class=\"elementor-widget-container\">\n\t\t\t\t\t\t\t\t\t<p>Ni te\u017eko predstavljati pozitivnega vpliva, ki ga ima pripovedovanje zgodb v kontekstu potovanj in turizma: Nepozabne turisti\u010dne izku\u0161nje temeljijo na zgodbah, vklju\u010dno s tistimi o lokalnih ljudeh in njihovih kulturnih tradicijah, pripovedmi izku\u0161enih lokalnih vodnikov ter zgodbami samih popotnikov, ki delijo svojo izku\u0161njo.<\/p><p>Turizem se vsak dan spreminja. Ko i\u0161\u010demo pravi na\u010din za promocijo destinacije, moramo imeti to informacijo v mislih. Regenerativni turizem je prihodnost, in \u010de \u017eelite promovirati svojo regijo, je pripovedovanje zgodb popolno orodje, ki to omogo\u010di.<\/p><p>Da lahko kot ponudniki obiskovalcem zagotovimo ustrezno izku\u0161njo, moramo razumeti njihove \u017eelje in potrebe, pri \u010demer pa ne smemo pozabiti za za\u0161\u010dito destinacije, ki jo promoviramo. \u010ce bomo izbrali prave prilo\u017enosti za turiste, pa tudi za lokalno prebivalstvo, bo celotna izku\u0161nja bolj\u0161a za vse, saj bodo tako obiskovalci kot doma\u010dini motivirani za u\u010denje novih na\u010dinov sobivanja.<\/p><p>Vabimo vas, da obi\u0161\u010dete to sekcijo in se nam pridru\u017eite, da se skupaj nau\u010dimo procesa regenerativnega turizma in promocije obmo\u010dja skozi pripovedovanje zgodb.<\/p>\t\t\t\t\t\t\t\t<\/div>\n\t\t\t\t<\/div>\n\t\t\t\t<div class=\"elementor-element elementor-element-f97f7e4 elementor-widget elementor-widget-shortcode\" data-id=\"f97f7e4\" data-element_type=\"widget\" data-e-type=\"widget\" data-widget_type=\"shortcode.default\">\n\t\t\t\t<div class=\"elementor-widget-container\">\n\t\t\t\t\t\t\t<div class=\"elementor-shortcode\"><div class=\"_df_book df-lite\" id=\"df_4516\"  _slug=\"destination-storytelling-sl\" data-title=\"destination-storytelling-sl\" wpoptions=\"true\" thumbtype=\"\" ><\/div><script class=\"df-shortcode-script\" nowprocket type=\"application\/javascript\">window.option_df_4516 = {\"outline\":[],\"autoEnableOutline\":\"false\",\"autoEnableThumbnail\":\"false\",\"overwritePDFOutline\":\"false\",\"direction\":\"1\",\"pageSize\":\"0\",\"source\":\"https:\\\/\\\/enforce-project.eu\\\/docs\\\/sl\\\/storytelling.pdf\",\"wpOptions\":\"true\"}; if(window.DFLIP && window.DFLIP.parseBooks){window.DFLIP.parseBooks();}<\/script>\n<\/div>\n\t\t\t\t\t\t<\/div>\n\t\t\t\t<\/div>\n\t\t\t\t\t<\/div>\n\t\t<\/div>\n\t\t\t\t<div class=\"elementor-column elementor-col-50 elementor-inner-column elementor-element elementor-element-979a001\" data-id=\"979a001\" data-element_type=\"column\" data-e-type=\"column\">\n\t\t\t<div class=\"elementor-widget-wrap elementor-element-populated\">\n\t\t\t\t\t\t<div class=\"elementor-element elementor-element-9047d6e elementor-hidden-mobile elementor-widget elementor-widget-image\" data-id=\"9047d6e\" data-element_type=\"widget\" data-e-type=\"widget\" data-widget_type=\"image.default\">\n\t\t\t\t<div class=\"elementor-widget-container\">\n\t\t\t\t\t\t\t\t\t\t\t\t\t\t\t<img fetchpriority=\"high\" decoding=\"async\" width=\"232\" height=\"580\" src=\"https:\/\/enforce-project.eu\/wp-content\/uploads\/Enforce_letters-blue.png\" class=\"attachment-large size-large wp-image-2332\" alt=\"\" srcset=\"https:\/\/enforce-project.eu\/wp-content\/uploads\/Enforce_letters-blue.png 232w, https:\/\/enforce-project.eu\/wp-content\/uploads\/Enforce_letters-blue-120x300.png 120w\" sizes=\"(max-width: 232px) 100vw, 232px\" \/>\t\t\t\t\t\t\t\t\t\t\t\t\t\t\t<\/div>\n\t\t\t\t<\/div>\n\t\t\t\t\t<\/div>\n\t\t<\/div>\n\t\t\t\t\t<\/div>\n\t\t<\/section>\n\t\t\t\t\t<\/div>\n\t\t<\/div>\n\t\t\t\t\t<\/div>\n\t\t<\/section>\n\t\t\t\t<\/div>\n\t\t","protected":false},"excerpt":{"rendered":"<p>Ni te\u017eko predstavljati pozitivnega vpliva, ki ga ima pripovedovanje zgodb v kontekstu potovanj in turizma: Nepozabne turisti\u010dne izku\u0161nje temeljijo na zgodbah, vklju\u010dno s tistimi o lokalnih ljudeh in njihovih kulturnih tradicijah, pripovedmi izku\u0161enih lokalnih vodnikov ter zgodbami samih popotnikov, ki delijo svojo izku\u0161njo. Turizem se vsak dan spreminja. Ko i\u0161\u010demo pravi na\u010din za promocijo destinacije, [&hellip;]<\/p>\n","protected":false},"author":5,"featured_media":0,"parent":0,"menu_order":0,"comment_status":"closed","ping_status":"closed","template":"elementor_header_footer","meta":{"footnotes":""},"class_list":["post-4485","page","type-page","status-publish","hentry"],"_links":{"self":[{"href":"https:\/\/enforce-project.eu\/sl\/wp-json\/wp\/v2\/pages\/4485","targetHints":{"allow":["GET"]}}],"collection":[{"href":"https:\/\/enforce-project.eu\/sl\/wp-json\/wp\/v2\/pages"}],"about":[{"href":"https:\/\/enforce-project.eu\/sl\/wp-json\/wp\/v2\/types\/page"}],"author":[{"embeddable":true,"href":"https:\/\/enforce-project.eu\/sl\/wp-json\/wp\/v2\/users\/5"}],"replies":[{"embeddable":true,"href":"https:\/\/enforce-project.eu\/sl\/wp-json\/wp\/v2\/comments?post=4485"}],"version-history":[{"count":7,"href":"https:\/\/enforce-project.eu\/sl\/wp-json\/wp\/v2\/pages\/4485\/revisions"}],"predecessor-version":[{"id":4531,"href":"https:\/\/enforce-project.eu\/sl\/wp-json\/wp\/v2\/pages\/4485\/revisions\/4531"}],"wp:attachment":[{"href":"https:\/\/enforce-project.eu\/sl\/wp-json\/wp\/v2\/media?parent=4485"}],"curies":[{"name":"wp","href":"https:\/\/api.w.org\/{rel}","templated":true}]}}