{"id":2679,"date":"2022-12-23T00:18:27","date_gmt":"2022-12-23T00:18:27","guid":{"rendered":"https:\/\/enforce-project.eu\/?page_id=2679"},"modified":"2023-12-04T12:14:13","modified_gmt":"2023-12-04T12:14:13","slug":"proje","status":"publish","type":"page","link":"https:\/\/enforce-project.eu\/tr\/proje","title":{"rendered":"Proje"},"content":{"rendered":"\t\t<div data-elementor-type=\"wp-page\" data-elementor-id=\"2679\" class=\"elementor elementor-2679 elementor-13\" data-elementor-post-type=\"page\">\n\t\t\t\t\t\t<section class=\"elementor-section elementor-top-section elementor-element elementor-element-93c5ebb elementor-section-full_width elementor-section-height-min-height elementor-section-items-stretch elementor-section-height-default\" data-id=\"93c5ebb\" data-element_type=\"section\" data-e-type=\"section\" data-settings=\"{&quot;jet_parallax_layout_list&quot;:[],&quot;background_background&quot;:&quot;classic&quot;}\">\n\t\t\t\t\t\t<div class=\"elementor-container elementor-column-gap-default\">\n\t\t\t\t\t<div class=\"elementor-column elementor-col-33 elementor-top-column elementor-element elementor-element-78f58a6\" data-id=\"78f58a6\" data-element_type=\"column\" data-e-type=\"column\" data-settings=\"{&quot;background_background&quot;:&quot;classic&quot;}\">\n\t\t\t<div class=\"elementor-widget-wrap elementor-element-populated\">\n\t\t\t\t\t\t<div class=\"elementor-element elementor-element-ee64af1 elementor-hidden-desktop elementor-hidden-laptop elementor-widget elementor-widget-image\" data-id=\"ee64af1\" data-element_type=\"widget\" data-e-type=\"widget\" data-widget_type=\"image.default\">\n\t\t\t\t<div class=\"elementor-widget-container\">\n\t\t\t\t\t\t\t\t\t\t\t\t<figure class=\"wp-caption\">\n\t\t\t\t\t\t\t\t\t\t<img fetchpriority=\"high\" decoding=\"async\" width=\"800\" height=\"450\" src=\"https:\/\/enforce-project.eu\/wp-content\/uploads\/Bulgaria_1920x1080-1024x576.jpg\" class=\"attachment-large size-large wp-image-2290\" alt=\"\" srcset=\"https:\/\/enforce-project.eu\/wp-content\/uploads\/Bulgaria_1920x1080-1024x576.jpg 1024w, https:\/\/enforce-project.eu\/wp-content\/uploads\/Bulgaria_1920x1080-300x169.jpg 300w, https:\/\/enforce-project.eu\/wp-content\/uploads\/Bulgaria_1920x1080-768x432.jpg 768w, https:\/\/enforce-project.eu\/wp-content\/uploads\/Bulgaria_1920x1080-1536x864.jpg 1536w, https:\/\/enforce-project.eu\/wp-content\/uploads\/Bulgaria_1920x1080.jpg 1920w\" sizes=\"(max-width: 800px) 100vw, 800px\" \/>\t\t\t\t\t\t\t\t\t\t\t<figcaption class=\"widget-image-caption wp-caption-text\"><\/figcaption>\n\t\t\t\t\t\t\t\t\t\t<\/figure>\n\t\t\t\t\t\t\t\t\t<\/div>\n\t\t\t\t<\/div>\n\t\t\t\t\t<\/div>\n\t\t<\/div>\n\t\t\t\t<div class=\"elementor-column elementor-col-33 elementor-top-column elementor-element elementor-element-9f9e24e\" data-id=\"9f9e24e\" data-element_type=\"column\" data-e-type=\"column\">\n\t\t\t<div class=\"elementor-widget-wrap elementor-element-populated\">\n\t\t\t\t\t\t<div class=\"elementor-element elementor-element-1aed25f elementor-widget elementor-widget-text-editor\" data-id=\"1aed25f\" data-element_type=\"widget\" data-e-type=\"widget\" data-widget_type=\"text-editor.default\">\n\t\t\t\t<div class=\"elementor-widget-container\">\n\t\t\t\t\t\t\t\t\t<p>ENFORCE, turizmin hem turistler hem de profesyoneller i\u00e7in otantik, s\u00fcr\u00fckleyici ve anlaml\u0131 olmas\u0131 gerekti\u011fine inanmaktad\u0131r. Yenileyici bir sistemi g\u00fc\u00e7lendirmek i\u00e7in, turizm tedarik\u00e7ilerinin tekliflerini tan\u0131tmalar\u0131na yard\u0131mc\u0131 olan hikaye anlatma stratejilerini ke\u015ffedece\u011fiz; \u00e7evreye duyarl\u0131 seyahati art\u0131racak ve k\u00fclt\u00fcrel miras\u0131 ve yerel gelenekleri koruyaca\u011f\u0131z.<\/p><p>S\u00fcrd\u00fcr\u00fclebilir turizm bizimle ba\u015flar: daha az pop\u00fcler destinasyonu ziyaret etmek, otantik yerel deneyimlerle ilgilenmek, yerel g\u0131dalar\u0131 t\u00fcketmek ve sezon d\u0131\u015f\u0131 seyahat etmek, b\u00f6ylece daha az kitlesel t\u00fcketim ve \u00e7evre \u00fczerinde daha az bask\u0131 olu\u015fmas\u0131n\u0131 sa\u011flamak. Birlikte, s\u00fcrd\u00fcr\u00fclebilirlik bilincine sahip m\u00fc\u015fterileri \u00e7ekerek, daha az tan\u0131t\u0131lan bu b\u00f6lgeleri g\u00fc\u00e7l\u00fc turizm destinasyonlar\u0131 haline getirebiliriz. Bu \u015fekilde, mevcut turizm profesyonellerinin yeni taleplerini kar\u015f\u0131lamak i\u00e7in teklifleri g\u00fcncellerken, mikro i\u015fletmelerin ve yeni kurulan \u015firketlerin turizm sekt\u00f6r\u00fcne girmeleri i\u00e7in f\u0131rsatlar yaratabiliriz.<\/p><p>Turizm sekt\u00f6r\u00fcnde \u00e7al\u0131\u015fan bir profesyonel misiniz? Bir e\u011fitim merkezi? Bir organizasyon? Sivil Toplum Kurulu\u015fu mu? Turizmle i\u00e7 i\u00e7e bir mesleki e\u011fitim mi? E\u011fitimin turizm de dahil olmak \u00fczere t\u00fcm profesyonel sekt\u00f6rlerde kilit bir rol oynad\u0131\u011f\u0131na inan\u0131yoruz.<\/p><p>Hikaye anlat\u0131m\u0131 ve pazarlama turizmini birbirine ba\u011flarken yeni beceriler \u00f6\u011frenin. Hedeflerimiz, pazar\u0131n ger\u00e7ek ihtiya\u00e7lar\u0131na uyarlanm\u0131\u015f mesleki e\u011fitim \u00f6\u011frencileri ve profesyoneller i\u00e7in y\u00fcksek kaliteli \u00f6\u011frenme f\u0131rsatlar\u0131 sunarken, hikaye anlat\u0131m\u0131 yoluyla yenileyici k\u00fclt\u00fcrel turizm deneyimlerini te\u015fvik etmektir.<\/p>\t\t\t\t\t\t\t\t<\/div>\n\t\t\t\t<\/div>\n\t\t\t\t\t<\/div>\n\t\t<\/div>\n\t\t\t\t<div class=\"elementor-column elementor-col-33 elementor-top-column elementor-element elementor-element-28a3f26\" data-id=\"28a3f26\" data-element_type=\"column\" data-e-type=\"column\">\n\t\t\t<div class=\"elementor-widget-wrap elementor-element-populated\">\n\t\t\t\t\t\t<div class=\"elementor-element elementor-element-0e4398a elementor-hidden-mobile elementor-widget elementor-widget-image\" data-id=\"0e4398a\" data-element_type=\"widget\" data-e-type=\"widget\" data-widget_type=\"image.default\">\n\t\t\t\t<div class=\"elementor-widget-container\">\n\t\t\t\t\t\t\t\t\t\t\t\t\t\t\t<img decoding=\"async\" width=\"232\" height=\"580\" src=\"https:\/\/enforce-project.eu\/wp-content\/uploads\/enforce-letters-1.png\" class=\"attachment-large size-large wp-image-2323\" alt=\"\" srcset=\"https:\/\/enforce-project.eu\/wp-content\/uploads\/enforce-letters-1.png 232w, https:\/\/enforce-project.eu\/wp-content\/uploads\/enforce-letters-1-120x300.png 120w\" sizes=\"(max-width: 232px) 100vw, 232px\" \/>\t\t\t\t\t\t\t\t\t\t\t\t\t\t\t<\/div>\n\t\t\t\t<\/div>\n\t\t\t\t\t<\/div>\n\t\t<\/div>\n\t\t\t\t\t<\/div>\n\t\t<\/section>\n\t\t\t\t<\/div>\n\t\t","protected":false},"excerpt":{"rendered":"<p>ENFORCE, turizmin hem turistler hem de profesyoneller i\u00e7in otantik, s\u00fcr\u00fckleyici ve anlaml\u0131 olmas\u0131 gerekti\u011fine inanmaktad\u0131r. Yenileyici bir sistemi g\u00fc\u00e7lendirmek i\u00e7in, turizm tedarik\u00e7ilerinin tekliflerini tan\u0131tmalar\u0131na yard\u0131mc\u0131 olan hikaye anlatma stratejilerini ke\u015ffedece\u011fiz; \u00e7evreye duyarl\u0131 seyahati art\u0131racak ve k\u00fclt\u00fcrel miras\u0131 ve yerel gelenekleri koruyaca\u011f\u0131z. S\u00fcrd\u00fcr\u00fclebilir turizm bizimle ba\u015flar: daha az pop\u00fcler destinasyonu ziyaret etmek, otantik yerel deneyimlerle ilgilenmek, [&hellip;]<\/p>\n","protected":false},"author":5,"featured_media":0,"parent":0,"menu_order":0,"comment_status":"closed","ping_status":"closed","template":"elementor_header_footer","meta":{"footnotes":""},"class_list":["post-2679","page","type-page","status-publish","hentry"],"_links":{"self":[{"href":"https:\/\/enforce-project.eu\/tr\/wp-json\/wp\/v2\/pages\/2679","targetHints":{"allow":["GET"]}}],"collection":[{"href":"https:\/\/enforce-project.eu\/tr\/wp-json\/wp\/v2\/pages"}],"about":[{"href":"https:\/\/enforce-project.eu\/tr\/wp-json\/wp\/v2\/types\/page"}],"author":[{"embeddable":true,"href":"https:\/\/enforce-project.eu\/tr\/wp-json\/wp\/v2\/users\/5"}],"replies":[{"embeddable":true,"href":"https:\/\/enforce-project.eu\/tr\/wp-json\/wp\/v2\/comments?post=2679"}],"version-history":[{"count":7,"href":"https:\/\/enforce-project.eu\/tr\/wp-json\/wp\/v2\/pages\/2679\/revisions"}],"predecessor-version":[{"id":5330,"href":"https:\/\/enforce-project.eu\/tr\/wp-json\/wp\/v2\/pages\/2679\/revisions\/5330"}],"wp:attachment":[{"href":"https:\/\/enforce-project.eu\/tr\/wp-json\/wp\/v2\/media?parent=2679"}],"curies":[{"name":"wp","href":"https:\/\/api.w.org\/{rel}","templated":true}]}}