{"id":9270,"date":"2023-04-18T07:40:32","date_gmt":"2023-04-18T07:40:32","guid":{"rendered":"https:\/\/enforce-project.eu\/training-course"},"modified":"2024-11-04T21:16:46","modified_gmt":"2024-11-04T21:16:46","slug":"egitim-kursu","status":"publish","type":"page","link":"https:\/\/enforce-project.eu\/tr\/egitim-kursu","title":{"rendered":"E\u011fitim kursu"},"content":{"rendered":"\t\t<div data-elementor-type=\"wp-page\" data-elementor-id=\"9270\" class=\"elementor elementor-9270 elementor-1193\" data-elementor-post-type=\"page\">\n\t\t\t\t\t\t<section class=\"elementor-section elementor-top-section elementor-element elementor-element-a87bedd elementor-section-content-top elementor-section-height-min-height elementor-section-items-top elementor-section-boxed elementor-section-height-default\" data-id=\"a87bedd\" data-element_type=\"section\" data-e-type=\"section\" data-settings=\"{&quot;background_background&quot;:&quot;classic&quot;,&quot;jet_parallax_layout_list&quot;:[]}\">\n\t\t\t\t\t\t<div class=\"elementor-container elementor-column-gap-no\">\n\t\t\t\t\t<div class=\"elementor-column elementor-col-100 elementor-top-column elementor-element elementor-element-76d3d69\" data-id=\"76d3d69\" data-element_type=\"column\" data-e-type=\"column\">\n\t\t\t<div class=\"elementor-widget-wrap elementor-element-populated\">\n\t\t\t\t\t\t<section class=\"elementor-section elementor-inner-section elementor-element elementor-element-3a7fbfc elementor-section-full_width elementor-section-height-default elementor-section-height-default\" data-id=\"3a7fbfc\" data-element_type=\"section\" data-e-type=\"section\" data-settings=\"{&quot;jet_parallax_layout_list&quot;:[]}\">\n\t\t\t\t\t\t<div class=\"elementor-container elementor-column-gap-default\">\n\t\t\t\t\t<div class=\"elementor-column elementor-col-100 elementor-inner-column elementor-element elementor-element-6a2d264\" data-id=\"6a2d264\" data-element_type=\"column\" data-e-type=\"column\">\n\t\t\t<div class=\"elementor-widget-wrap elementor-element-populated\">\n\t\t\t\t\t\t<div class=\"elementor-element elementor-element-57b94f1 elementor-widget elementor-widget-text-editor\" data-id=\"57b94f1\" data-element_type=\"widget\" data-e-type=\"widget\" data-widget_type=\"text-editor.default\">\n\t\t\t\t<div class=\"elementor-widget-container\">\n\t\t\t\t\t\t\t\t\t<p>Yenileyici turizm ve hik\u00e2ye anlat\u0131c\u0131l\u0131\u011f\u0131 \u00fczerine kapsaml\u0131 e\u011fitim kursumuza ho\u015f geldiniz!<\/p><p>Turizm sekt\u00f6r\u00fcnde, e\u011fitim merkezlerinde, i\u015fletmelerde, STK&#8217;larda ve profesyonel e\u011fitim programlar\u0131nda \u00e7al\u0131\u015fan profesyoneller i\u00e7in tasarlanan bu 7 mod\u00fcll\u00fck e\u011fitim, sizi olumlu bir etki yaratmak i\u00e7in gerekli bilgi ve becerilerle donat\u0131yor. \u0130yi Hik\u00e2ye Anlat\u0131c\u0131l\u0131\u011f\u0131 \u0130lkeleri ile ba\u015flayarak S\u00fcrd\u00fcr\u00fclebilirlik ve Yenilenme i\u00e7in Hik\u00e2ye Anlat\u0131c\u0131l\u0131\u011f\u0131n\u0131 ke\u015ffedecek ve \u00c7evreci, Dijital ve Sosyal Beceriler geli\u015ftireceksiniz. \u0130lerledik\u00e7e, \u0130lgi \u00c7ekici Turizm Deneyimlerini nas\u0131l geli\u015ftirece\u011finizi, g\u00fc\u00e7l\u00fc bir Marka ve Pazarlama Stratejisini nas\u0131l olu\u015fturaca\u011f\u0131n\u0131z\u0131 ve Kitlenizi nas\u0131l etkili bir \u015fekilde b\u00fcy\u00fcleyece\u011finizi ke\u015ffedeceksiniz. Son olarak, \u00e7abalar\u0131n\u0131z\u0131n s\u00fcrd\u00fcr\u00fclebilir ve yenileyici bir turizm end\u00fcstrisine katk\u0131da bulunmas\u0131n\u0131 sa\u011flamak i\u00e7in Etkinizi Nas\u0131l \u00d6l\u00e7ece\u011finiz konusunda bilgi edineceksiniz. Bize kat\u0131l\u0131n ve turizmin gelece\u011fini etkili hik\u00e2yeler ve yenileyici uygulamalarla yeniden tan\u0131mlama hareketinin bir par\u00e7as\u0131 olun.<\/p>\t\t\t\t\t\t\t\t<\/div>\n\t\t\t\t<\/div>\n\t\t\t\t\t<\/div>\n\t\t<\/div>\n\t\t\t\t\t<\/div>\n\t\t<\/section>\n\t\t\t\t<section class=\"elementor-section elementor-inner-section elementor-element elementor-element-8d34372 elementor-section-full_width elementor-section-content-middle elementor-section-height-default elementor-section-height-default\" data-id=\"8d34372\" data-element_type=\"section\" data-e-type=\"section\" data-settings=\"{&quot;jet_parallax_layout_list&quot;:[]}\">\n\t\t\t\t\t\t<div class=\"elementor-container elementor-column-gap-default\">\n\t\t\t\t\t<div class=\"elementor-column elementor-col-33 elementor-inner-column elementor-element elementor-element-f0c6180\" data-id=\"f0c6180\" data-element_type=\"column\" data-e-type=\"column\" data-settings=\"{&quot;background_background&quot;:&quot;classic&quot;}\">\n\t\t\t<div class=\"elementor-widget-wrap elementor-element-populated\">\n\t\t\t\t\t\t<section class=\"elementor-section elementor-inner-section elementor-element elementor-element-2c0a26a elementor-section-full_width elementor-section-height-min-height elementor-section-content-middle elementor-section-height-default\" data-id=\"2c0a26a\" data-element_type=\"section\" data-e-type=\"section\" data-settings=\"{&quot;jet_parallax_layout_list&quot;:[]}\">\n\t\t\t\t\t\t<div class=\"elementor-container elementor-column-gap-default\">\n\t\t\t\t\t<div class=\"make-column-clickable-elementor elementor-column elementor-col-100 elementor-inner-column elementor-element elementor-element-fecaf84\" style=\"cursor: pointer;\" data-column-clickable=\"https:\/\/enforce-project.eu\/tr\/training-course\/course\/1\" data-column-clickable-blank=\"_self\" data-id=\"fecaf84\" data-element_type=\"column\" data-e-type=\"column\" data-settings=\"{&quot;background_background&quot;:&quot;classic&quot;}\">\n\t\t\t<div class=\"elementor-widget-wrap elementor-element-populated\">\n\t\t\t\t\t\t<div class=\"elementor-element elementor-element-6a45197 elementor-widget elementor-widget-heading\" data-id=\"6a45197\" data-element_type=\"widget\" data-e-type=\"widget\" data-widget_type=\"heading.default\">\n\t\t\t\t<div class=\"elementor-widget-container\">\n\t\t\t\t\t<h2 class=\"elementor-heading-title elementor-size-default\">1. HI\u0307K\u00c2YE ANLATIMININ I\u0307LKELERI\u0307\n<\/h2>\t\t\t\t<\/div>\n\t\t\t\t<\/div>\n\t\t\t\t\t<\/div>\n\t\t<\/div>\n\t\t\t\t\t<\/div>\n\t\t<\/section>\n\t\t\t\t\t<\/div>\n\t\t<\/div>\n\t\t\t\t<div class=\"elementor-column elementor-col-33 elementor-inner-column elementor-element elementor-element-9f49d41\" data-id=\"9f49d41\" data-element_type=\"column\" data-e-type=\"column\" data-settings=\"{&quot;background_background&quot;:&quot;classic&quot;}\">\n\t\t\t<div class=\"elementor-widget-wrap elementor-element-populated\">\n\t\t\t\t\t\t<section class=\"elementor-section elementor-inner-section elementor-element elementor-element-6d5d6d3 elementor-section-full_width elementor-section-height-min-height elementor-section-content-middle elementor-section-height-default\" data-id=\"6d5d6d3\" data-element_type=\"section\" data-e-type=\"section\" data-settings=\"{&quot;jet_parallax_layout_list&quot;:[]}\">\n\t\t\t\t\t\t<div class=\"elementor-container elementor-column-gap-default\">\n\t\t\t\t\t<div class=\"make-column-clickable-elementor elementor-column elementor-col-100 elementor-inner-column elementor-element elementor-element-2f22005\" style=\"cursor: pointer;\" data-column-clickable=\"https:\/\/enforce-project.eu\/tr\/training-course\/course\/2\" data-column-clickable-blank=\"_self\" data-id=\"2f22005\" data-element_type=\"column\" data-e-type=\"column\" data-settings=\"{&quot;background_background&quot;:&quot;classic&quot;}\">\n\t\t\t<div class=\"elementor-widget-wrap elementor-element-populated\">\n\t\t\t\t\t\t<div class=\"elementor-element elementor-element-523d460 elementor-widget elementor-widget-heading\" data-id=\"523d460\" data-element_type=\"widget\" data-e-type=\"widget\" data-widget_type=\"heading.default\">\n\t\t\t\t<div class=\"elementor-widget-container\">\n\t\t\t\t\t<h2 class=\"elementor-heading-title elementor-size-default\">2. S\u00dcRD\u00dcR\u00dcLEB\u0130L\u0130RL\u0130K VE YEN\u0130LENME \u0130\u00c7\u0130N H\u0130K\u00c2YE ANLATIMI\n<\/h2>\t\t\t\t<\/div>\n\t\t\t\t<\/div>\n\t\t\t\t\t<\/div>\n\t\t<\/div>\n\t\t\t\t\t<\/div>\n\t\t<\/section>\n\t\t\t\t\t<\/div>\n\t\t<\/div>\n\t\t\t\t<div class=\"elementor-column elementor-col-33 elementor-inner-column elementor-element elementor-element-eebadb2\" data-id=\"eebadb2\" data-element_type=\"column\" data-e-type=\"column\" data-settings=\"{&quot;background_background&quot;:&quot;classic&quot;}\">\n\t\t\t<div class=\"elementor-widget-wrap elementor-element-populated\">\n\t\t\t\t\t\t<section class=\"elementor-section elementor-inner-section elementor-element elementor-element-a4c3e03 elementor-section-full_width elementor-section-height-min-height elementor-section-content-middle elementor-section-height-default\" data-id=\"a4c3e03\" data-element_type=\"section\" data-e-type=\"section\" data-settings=\"{&quot;jet_parallax_layout_list&quot;:[]}\">\n\t\t\t\t\t\t<div class=\"elementor-container elementor-column-gap-default\">\n\t\t\t\t\t<div class=\"make-column-clickable-elementor elementor-column elementor-col-100 elementor-inner-column elementor-element elementor-element-417ae21\" style=\"cursor: pointer;\" data-column-clickable=\"https:\/\/enforce-project.eu\/tr\/training-course\/course\/3\" data-column-clickable-blank=\"_self\" data-id=\"417ae21\" data-element_type=\"column\" data-e-type=\"column\" data-settings=\"{&quot;background_background&quot;:&quot;classic&quot;}\">\n\t\t\t<div class=\"elementor-widget-wrap elementor-element-populated\">\n\t\t\t\t\t\t<div class=\"elementor-element elementor-element-4571894 elementor-widget elementor-widget-heading\" data-id=\"4571894\" data-element_type=\"widget\" data-e-type=\"widget\" data-widget_type=\"heading.default\">\n\t\t\t\t<div class=\"elementor-widget-container\">\n\t\t\t\t\t<h3 class=\"elementor-heading-title elementor-size-default\">3. REJENERAT\u0130F TUR\u0130ZM: TUR\u0130ZM PROFESYONELLER\u0130 \u0130\u00c7\u0130N \u00c7EVREYE DUYARLI \/D\u0130J\u0130TAL\/SOSYAL YETK\u0130NL\u0130KLER<\/h3>\t\t\t\t<\/div>\n\t\t\t\t<\/div>\n\t\t\t\t\t<\/div>\n\t\t<\/div>\n\t\t\t\t\t<\/div>\n\t\t<\/section>\n\t\t\t\t\t<\/div>\n\t\t<\/div>\n\t\t\t\t\t<\/div>\n\t\t<\/section>\n\t\t\t\t<section class=\"elementor-section elementor-inner-section elementor-element elementor-element-7e1a83d elementor-section-full_width elementor-section-content-middle elementor-section-height-default elementor-section-height-default\" data-id=\"7e1a83d\" data-element_type=\"section\" data-e-type=\"section\" data-settings=\"{&quot;jet_parallax_layout_list&quot;:[]}\">\n\t\t\t\t\t\t<div class=\"elementor-container elementor-column-gap-default\">\n\t\t\t\t\t<div class=\"elementor-column elementor-col-33 elementor-inner-column elementor-element elementor-element-48c6079\" data-id=\"48c6079\" data-element_type=\"column\" data-e-type=\"column\" data-settings=\"{&quot;background_background&quot;:&quot;classic&quot;}\">\n\t\t\t<div class=\"elementor-widget-wrap elementor-element-populated\">\n\t\t\t\t\t\t<section class=\"elementor-section elementor-inner-section elementor-element elementor-element-f389a58 elementor-section-full_width elementor-section-height-min-height elementor-section-content-middle elementor-section-height-default\" data-id=\"f389a58\" data-element_type=\"section\" data-e-type=\"section\" data-settings=\"{&quot;jet_parallax_layout_list&quot;:[]}\">\n\t\t\t\t\t\t<div class=\"elementor-container elementor-column-gap-default\">\n\t\t\t\t\t<div class=\"make-column-clickable-elementor elementor-column elementor-col-100 elementor-inner-column elementor-element elementor-element-04dec37\" style=\"cursor: pointer;\" data-column-clickable=\"https:\/\/enforce-project.eu\/tr\/training-course\/course\/4\" data-column-clickable-blank=\"_self\" data-id=\"04dec37\" data-element_type=\"column\" data-e-type=\"column\" data-settings=\"{&quot;background_background&quot;:&quot;classic&quot;}\">\n\t\t\t<div class=\"elementor-widget-wrap elementor-element-populated\">\n\t\t\t\t\t\t<div class=\"elementor-element elementor-element-a8aad4b elementor-widget elementor-widget-heading\" data-id=\"a8aad4b\" data-element_type=\"widget\" data-e-type=\"widget\" data-widget_type=\"heading.default\">\n\t\t\t\t<div class=\"elementor-widget-container\">\n\t\t\t\t\t<h2 class=\"elementor-heading-title elementor-size-default\">4. I\u0307LGI\u0307 \u00c7EKI\u0307CI\u0307 TURI\u0307ZM DENEYI\u0307MLERI\u0307N\u0130N GELI\u0307\u015eTI\u0307R\u0130LMES\u0130<\/h2>\t\t\t\t<\/div>\n\t\t\t\t<\/div>\n\t\t\t\t\t<\/div>\n\t\t<\/div>\n\t\t\t\t\t<\/div>\n\t\t<\/section>\n\t\t\t\t\t<\/div>\n\t\t<\/div>\n\t\t\t\t<div class=\"elementor-column elementor-col-33 elementor-inner-column elementor-element elementor-element-98f7da6\" data-id=\"98f7da6\" data-element_type=\"column\" data-e-type=\"column\" data-settings=\"{&quot;background_background&quot;:&quot;classic&quot;}\">\n\t\t\t<div class=\"elementor-widget-wrap elementor-element-populated\">\n\t\t\t\t\t\t<section class=\"elementor-section elementor-inner-section elementor-element elementor-element-1c20c85 elementor-section-full_width elementor-section-height-min-height elementor-section-content-middle elementor-section-height-default\" data-id=\"1c20c85\" data-element_type=\"section\" data-e-type=\"section\" data-settings=\"{&quot;jet_parallax_layout_list&quot;:[]}\">\n\t\t\t\t\t\t<div class=\"elementor-container elementor-column-gap-default\">\n\t\t\t\t\t<div class=\"make-column-clickable-elementor elementor-column elementor-col-100 elementor-inner-column elementor-element elementor-element-1bd6db3\" style=\"cursor: pointer;\" data-column-clickable=\"https:\/\/enforce-project.eu\/tr\/training-course\/course\/5\" data-column-clickable-blank=\"_self\" data-id=\"1bd6db3\" data-element_type=\"column\" data-e-type=\"column\" data-settings=\"{&quot;background_background&quot;:&quot;classic&quot;}\">\n\t\t\t<div class=\"elementor-widget-wrap elementor-element-populated\">\n\t\t\t\t\t\t<div class=\"elementor-element elementor-element-6bc9b8d elementor-widget elementor-widget-heading\" data-id=\"6bc9b8d\" data-element_type=\"widget\" data-e-type=\"widget\" data-widget_type=\"heading.default\">\n\t\t\t\t<div class=\"elementor-widget-container\">\n\t\t\t\t\t<h2 class=\"elementor-heading-title elementor-size-default\">5. MARKANIZI VE PAZARLAMA STRATEJI\u0307NI\u0307ZI\u0307 OLU\u015eTURMA\n<\/h2>\t\t\t\t<\/div>\n\t\t\t\t<\/div>\n\t\t\t\t\t<\/div>\n\t\t<\/div>\n\t\t\t\t\t<\/div>\n\t\t<\/section>\n\t\t\t\t\t<\/div>\n\t\t<\/div>\n\t\t\t\t<div class=\"elementor-column elementor-col-33 elementor-inner-column elementor-element elementor-element-f061b30\" data-id=\"f061b30\" data-element_type=\"column\" data-e-type=\"column\" data-settings=\"{&quot;background_background&quot;:&quot;classic&quot;}\">\n\t\t\t<div class=\"elementor-widget-wrap elementor-element-populated\">\n\t\t\t\t\t\t<section class=\"elementor-section elementor-inner-section elementor-element elementor-element-fc97fcc elementor-section-full_width elementor-section-height-min-height elementor-section-content-middle elementor-section-height-default\" data-id=\"fc97fcc\" data-element_type=\"section\" data-e-type=\"section\" data-settings=\"{&quot;jet_parallax_layout_list&quot;:[]}\">\n\t\t\t\t\t\t<div class=\"elementor-container elementor-column-gap-default\">\n\t\t\t\t\t<div class=\"make-column-clickable-elementor elementor-column elementor-col-100 elementor-inner-column elementor-element elementor-element-53afc6b\" style=\"cursor: pointer;\" data-column-clickable=\"https:\/\/enforce-project.eu\/tr\/training-course\/course\/6\" data-column-clickable-blank=\"_self\" data-id=\"53afc6b\" data-element_type=\"column\" data-e-type=\"column\" data-settings=\"{&quot;background_background&quot;:&quot;classic&quot;}\">\n\t\t\t<div class=\"elementor-widget-wrap elementor-element-populated\">\n\t\t\t\t\t\t<div class=\"elementor-element elementor-element-df8c1ee elementor-widget elementor-widget-heading\" data-id=\"df8c1ee\" data-element_type=\"widget\" data-e-type=\"widget\" data-widget_type=\"heading.default\">\n\t\t\t\t<div class=\"elementor-widget-container\">\n\t\t\t\t\t<h3 class=\"elementor-heading-title elementor-size-default\">6. I\u0307ZLEYI\u0307CI\u0307LERI\u0307NI\u0307ZI\u0307 B\u00dcY\u00dcLEY\u0130N\n<\/h3>\t\t\t\t<\/div>\n\t\t\t\t<\/div>\n\t\t\t\t\t<\/div>\n\t\t<\/div>\n\t\t\t\t\t<\/div>\n\t\t<\/section>\n\t\t\t\t\t<\/div>\n\t\t<\/div>\n\t\t\t\t\t<\/div>\n\t\t<\/section>\n\t\t\t\t<section class=\"elementor-section elementor-inner-section elementor-element elementor-element-0d49014 elementor-section-full_width elementor-section-content-middle elementor-section-height-default elementor-section-height-default\" data-id=\"0d49014\" data-element_type=\"section\" data-e-type=\"section\" data-settings=\"{&quot;jet_parallax_layout_list&quot;:[]}\">\n\t\t\t\t\t\t<div class=\"elementor-container elementor-column-gap-default\">\n\t\t\t\t\t<div class=\"elementor-column elementor-col-33 elementor-inner-column elementor-element elementor-element-044162f\" data-id=\"044162f\" data-element_type=\"column\" data-e-type=\"column\" data-settings=\"{&quot;background_background&quot;:&quot;classic&quot;}\">\n\t\t\t<div class=\"elementor-widget-wrap\">\n\t\t\t\t\t\t\t<\/div>\n\t\t<\/div>\n\t\t\t\t<div class=\"elementor-column elementor-col-33 elementor-inner-column elementor-element elementor-element-3507b75\" data-id=\"3507b75\" data-element_type=\"column\" data-e-type=\"column\" data-settings=\"{&quot;background_background&quot;:&quot;classic&quot;}\">\n\t\t\t<div class=\"elementor-widget-wrap elementor-element-populated\">\n\t\t\t\t\t\t<section class=\"elementor-section elementor-inner-section elementor-element elementor-element-9147927 elementor-section-full_width elementor-section-height-min-height elementor-section-content-middle elementor-section-height-default\" data-id=\"9147927\" data-element_type=\"section\" data-e-type=\"section\" data-settings=\"{&quot;jet_parallax_layout_list&quot;:[]}\">\n\t\t\t\t\t\t<div class=\"elementor-container elementor-column-gap-default\">\n\t\t\t\t\t<div class=\"make-column-clickable-elementor elementor-column elementor-col-100 elementor-inner-column elementor-element elementor-element-fc0facb\" style=\"cursor: pointer;\" data-column-clickable=\"https:\/\/enforce-project.eu\/tr\/training-course\/course\/7\" data-column-clickable-blank=\"_self\" data-id=\"fc0facb\" data-element_type=\"column\" data-e-type=\"column\" data-settings=\"{&quot;background_background&quot;:&quot;classic&quot;}\">\n\t\t\t<div class=\"elementor-widget-wrap elementor-element-populated\">\n\t\t\t\t\t\t<div class=\"elementor-element elementor-element-35e4acb elementor-widget elementor-widget-heading\" data-id=\"35e4acb\" data-element_type=\"widget\" data-e-type=\"widget\" data-widget_type=\"heading.default\">\n\t\t\t\t<div class=\"elementor-widget-container\">\n\t\t\t\t\t<h2 class=\"elementor-heading-title elementor-size-default\">7. ETKI\u0307NI\u0307ZI\u0307 \u00d6L\u00c7ME\n<\/h2>\t\t\t\t<\/div>\n\t\t\t\t<\/div>\n\t\t\t\t\t<\/div>\n\t\t<\/div>\n\t\t\t\t\t<\/div>\n\t\t<\/section>\n\t\t\t\t\t<\/div>\n\t\t<\/div>\n\t\t\t\t<div class=\"elementor-column elementor-col-33 elementor-inner-column elementor-element elementor-element-e59ab05\" data-id=\"e59ab05\" data-element_type=\"column\" data-e-type=\"column\" data-settings=\"{&quot;background_background&quot;:&quot;classic&quot;}\">\n\t\t\t<div class=\"elementor-widget-wrap\">\n\t\t\t\t\t\t\t<\/div>\n\t\t<\/div>\n\t\t\t\t\t<\/div>\n\t\t<\/section>\n\t\t\t\t<div class=\"elementor-element elementor-element-a68f2e9 elementor-hidden-laptop elementor-hidden-tablet elementor-hidden-mobile e-transform elementor-widget elementor-widget-heading\" data-id=\"a68f2e9\" data-element_type=\"widget\" data-e-type=\"widget\" data-settings=\"{&quot;_transform_rotateZ_effect&quot;:{&quot;unit&quot;:&quot;px&quot;,&quot;size&quot;:-90,&quot;sizes&quot;:[]},&quot;_transform_rotateZ_effect_laptop&quot;:{&quot;unit&quot;:&quot;deg&quot;,&quot;size&quot;:&quot;&quot;,&quot;sizes&quot;:[]},&quot;_transform_rotateZ_effect_tablet_extra&quot;:{&quot;unit&quot;:&quot;deg&quot;,&quot;size&quot;:&quot;&quot;,&quot;sizes&quot;:[]},&quot;_transform_rotateZ_effect_tablet&quot;:{&quot;unit&quot;:&quot;deg&quot;,&quot;size&quot;:&quot;&quot;,&quot;sizes&quot;:[]},&quot;_transform_rotateZ_effect_mobile&quot;:{&quot;unit&quot;:&quot;deg&quot;,&quot;size&quot;:&quot;&quot;,&quot;sizes&quot;:[]}}\" data-widget_type=\"heading.default\">\n\t\t\t\t<div class=\"elementor-widget-container\">\n\t\t\t\t\t<span class=\"elementor-heading-title elementor-size-default\">Enforce<\/span>\t\t\t\t<\/div>\n\t\t\t\t<\/div>\n\t\t\t\t\t<\/div>\n\t\t<\/div>\n\t\t\t\t\t<\/div>\n\t\t<\/section>\n\t\t\t\t<\/div>\n\t\t","protected":false},"excerpt":{"rendered":"<p>Yenileyici turizm ve hik\u00e2ye anlat\u0131c\u0131l\u0131\u011f\u0131 \u00fczerine kapsaml\u0131 e\u011fitim kursumuza ho\u015f geldiniz! Turizm sekt\u00f6r\u00fcnde, e\u011fitim merkezlerinde, i\u015fletmelerde, STK&#8217;larda ve profesyonel e\u011fitim programlar\u0131nda \u00e7al\u0131\u015fan profesyoneller i\u00e7in tasarlanan bu 7 mod\u00fcll\u00fck e\u011fitim, sizi olumlu bir etki yaratmak i\u00e7in gerekli bilgi ve becerilerle donat\u0131yor. \u0130yi Hik\u00e2ye Anlat\u0131c\u0131l\u0131\u011f\u0131 \u0130lkeleri ile ba\u015flayarak S\u00fcrd\u00fcr\u00fclebilirlik ve Yenilenme i\u00e7in Hik\u00e2ye Anlat\u0131c\u0131l\u0131\u011f\u0131n\u0131 ke\u015ffedecek ve \u00c7evreci, [&hellip;]<\/p>\n","protected":false},"author":5,"featured_media":0,"parent":0,"menu_order":0,"comment_status":"closed","ping_status":"closed","template":"elementor_header_footer","meta":{"footnotes":""},"class_list":["post-9270","page","type-page","status-publish","hentry"],"_links":{"self":[{"href":"https:\/\/enforce-project.eu\/tr\/wp-json\/wp\/v2\/pages\/9270","targetHints":{"allow":["GET"]}}],"collection":[{"href":"https:\/\/enforce-project.eu\/tr\/wp-json\/wp\/v2\/pages"}],"about":[{"href":"https:\/\/enforce-project.eu\/tr\/wp-json\/wp\/v2\/types\/page"}],"author":[{"embeddable":true,"href":"https:\/\/enforce-project.eu\/tr\/wp-json\/wp\/v2\/users\/5"}],"replies":[{"embeddable":true,"href":"https:\/\/enforce-project.eu\/tr\/wp-json\/wp\/v2\/comments?post=9270"}],"version-history":[{"count":10,"href":"https:\/\/enforce-project.eu\/tr\/wp-json\/wp\/v2\/pages\/9270\/revisions"}],"predecessor-version":[{"id":9303,"href":"https:\/\/enforce-project.eu\/tr\/wp-json\/wp\/v2\/pages\/9270\/revisions\/9303"}],"wp:attachment":[{"href":"https:\/\/enforce-project.eu\/tr\/wp-json\/wp\/v2\/media?parent=9270"}],"curies":[{"name":"wp","href":"https:\/\/api.w.org\/{rel}","templated":true}]}}